{"id":17544,"date":"2024-05-19T14:19:55","date_gmt":"2024-05-19T12:19:55","guid":{"rendered":"https:\/\/www.hautarzt-markovic.de\/agb\/"},"modified":"2024-05-19T14:28:13","modified_gmt":"2024-05-19T12:28:13","slug":"agb","status":"publish","type":"page","link":"https:\/\/www.hautarzt-markovic.de\/es\/agb\/","title":{"rendered":"GTC"},"content":{"rendered":"\t\t<div data-elementor-type=\"wp-page\" data-elementor-id=\"17544\" class=\"elementor elementor-17544 elementor-17506\" data-elementor-post-type=\"page\">\n\t\t\t\t<div class=\"elementor-element elementor-element-56eed29 e-flex e-con-boxed e-con e-parent\" data-id=\"56eed29\" data-element_type=\"container\" data-e-type=\"container\" data-settings=\"{&quot;jet_parallax_layout_list&quot;:[]}\">\n\t\t\t\t\t<div class=\"e-con-inner\">\n\t\t<div class=\"elementor-element elementor-element-8d72287 e-con-full e-flex e-con e-child\" data-id=\"8d72287\" data-element_type=\"container\" data-e-type=\"container\" data-settings=\"{&quot;jet_parallax_layout_list&quot;:[]}\">\n\t\t\t\t<div class=\"elementor-element elementor-element-327653b elementor-widget elementor-widget-heading\" data-id=\"327653b\" data-element_type=\"widget\" data-e-type=\"widget\" data-widget_type=\"heading.default\">\n\t\t\t\t<div class=\"elementor-widget-container\">\n\t\t\t\t\t<h2 class=\"elementor-heading-title elementor-size-default\">Condiciones generales<\/h2>\t\t\t\t<\/div>\n\t\t\t\t<\/div>\n\t\t\t\t<div class=\"elementor-element elementor-element-721ec79 elementor-widget elementor-widget-heading\" data-id=\"721ec79\" data-element_type=\"widget\" data-e-type=\"widget\" data-widget_type=\"heading.default\">\n\t\t\t\t<div class=\"elementor-widget-container\">\n\t\t\t\t\t<h2 class=\"elementor-heading-title elementor-size-default\">La consulta dermatol\u00f3gica privada en Schweizer Platz 56 en 60594 Frankfurt am Main, Dr med. (SR) Aleksander Markovic  <\/h2>\t\t\t\t<\/div>\n\t\t\t\t<\/div>\n\t\t\t\t<div class=\"elementor-element elementor-element-5b3a843 elementor-widget-divider--view-line elementor-widget elementor-widget-divider\" data-id=\"5b3a843\" data-element_type=\"widget\" data-e-type=\"widget\" data-widget_type=\"divider.default\">\n\t\t\t\t<div class=\"elementor-widget-container\">\n\t\t\t\t\t\t\t<div class=\"elementor-divider\">\n\t\t\t<span class=\"elementor-divider-separator\">\n\t\t\t\t\t\t<\/span>\n\t\t<\/div>\n\t\t\t\t\t\t<\/div>\n\t\t\t\t<\/div>\n\t\t\t\t<\/div>\n\t\t\t\t<div class=\"elementor-element elementor-element-a44d020 elementor-widget elementor-widget-text-editor\" data-id=\"a44d020\" data-element_type=\"widget\" data-e-type=\"widget\" data-widget_type=\"text-editor.default\">\n\t\t\t\t<div class=\"elementor-widget-container\">\n\t\t\t\t\t\t\t\t\t<h3>\u00a7 1 \u00c1mbito de aplicaci\u00f3n<\/h3>\n<p>(1) Salvo acuerdo en contrario, las presentes Condiciones Generales se aplicar\u00e1n a la relaci\u00f3n contractual entre el m\u00e9dico y el paciente o entre la consulta del m\u00e9dico y el paciente.<br>(2) Los m\u00e9dicos en el sentido de las Condiciones Generales son tambi\u00e9n los m\u00e9dicos empleados en nuestra consulta.<br>(3) Si el contrato de tratamiento se celebra con una persona distinta del paciente, las disposiciones se aplicar\u00e1n a esta persona de la misma manera.<\/p>\n<h3>\u00a7 2 Relaci\u00f3n jur\u00eddica<\/h3>\n<p>La relaci\u00f3n jur\u00eddica entre el m\u00e9dico y el paciente es de derecho privado.<\/p>\n<h3>\u00a7 3 Documentaci\u00f3n m\u00e9dica y protecci\u00f3n de datos<\/h3>\n<p>(1) La documentaci\u00f3n m\u00e9dica es propiedad del m\u00e9dico.<\/p>\n<p>(2) El paciente o un representante autorizado tiene derecho a inspeccionar la documentaci\u00f3n m\u00e9dica y derecho a la informaci\u00f3n. No hay derecho a la entrega de los documentos originales.<\/p>\n<p>(3) No obstante lo dispuesto en el apartado 2, es posible la transferencia temporal de documentos originales a un abogado autorizado por el paciente, siempre que ello no entre en conflicto predominantemente con los intereses del m\u00e9dico. Los gastos resultantes deben ser reembolsados antes del env\u00edo. La transferencia puede ser rechazada hasta que se hayan liquidado los gastos. Debe acusarse recibo de los registros.<\/p>\n<p>(4) La recogida, la utilizaci\u00f3n y el tratamiento de los datos, incluida su divulgaci\u00f3n, se llevar\u00e1n a cabo respetando la normativa legal, en particular las disposiciones sobre protecci\u00f3n de datos, secreto m\u00e9dico y secreto social. La exenci\u00f3n de confidencialidad se aplica exclusivamente en la comunicaci\u00f3n con sus otros m\u00e9dicos tratantes.<br>(5) Para verificar los datos y la direcci\u00f3n que nos ha facilitado, puede inspeccionar su documento de identidad en nuestro mostrador de registro de pacientes.<\/p>\n<h3>\u00a7 4 Programa de recuperaci\u00f3n<\/h3>\n<p>Para que la consulta dermatol\u00f3gica privada de Schweizer Platz pueda ofrecerle una asistencia m\u00e9dica ampliada, usted consiente el almacenamiento de sus datos, necesario para su identificaci\u00f3n personal. Como parte de un programa de retirada para tratamientos de seguimiento, por ejemplo, usted acepta que nos pongamos en contacto con usted a trav\u00e9s de su n\u00famero de tel\u00e9fono, direcci\u00f3n de correo electr\u00f3nico o por correo postal. Estos datos permanecen en el sistema de la consulta dermatol\u00f3gica privada de Schweizer Platz y no se transmiten. Tambi\u00e9n acepta que se le recuerden futuras citas en la consulta por mensaje de texto o correo electr\u00f3nico a trav\u00e9s de la plataforma de citas Doctolib. Doctolib se compromete a cumplir la normativa alemana y europea sobre protecci\u00f3n de datos personales, en particular el Reglamento General de Protecci\u00f3n de Datos (UE) de 27 de abril de 2016 (\u00abGDPR\u00bb).<\/p>\n<h3>\u00a7 5 Tasa por impago<\/h3>\n<p>(1) La consulta es una consulta por encargo. Las citas acordadas para el tratamiento son citas fijas. Los tiempos de tratamiento se mantienen libres s\u00f3lo para el paciente.<\/p>\n<p>(2) Si el paciente no puede acudir a la cita, deber\u00e1 informar a la consulta con la debida antelaci\u00f3n de que no puede acudir:<\/p>\n<p>con al menos 24 horas de antelaci\u00f3n por escrito por correo electr\u00f3nico a: info@hautarzt-markovic.de para que podamos organizar el tiempo reservado para usted en otro lugar. El tiempo se refiere a d\u00edas laborables. Si las citas son un lunes, deber\u00e1n anularse antes del fin de semana. No se aceptar\u00e1 la anulaci\u00f3n \u00fanicamente a trav\u00e9s del portal Doctolib. Este acuerdo no s\u00f3lo sirve para evitar tiempos de espera en el sentido organizativo, sino que tambi\u00e9n crea obligaciones contractuales para ambas partes. Si no cancela la cita a tiempo, se le cobrar\u00e1 el tiempo programado y la remuneraci\u00f3n o el tiempo no utilizado.<\/p>\n<p>(3) En caso de no presentarse en la fecha acordada, le cobraremos el importe total de la tarifa perdida o del precio acordado, pero como m\u00ednimo 70 euros. Se acuerda que, en caso contrario, se producir\u00e1 un incumplimiento de la aceptaci\u00f3n si la fecha acordada no se cancela y respeta a su debido tiempo.<\/p>\n<p>(4) La referencia al hecho de que no se haya podido contactar con la consulta por tel\u00e9fono o, en caso de imposibilidad de contacto, por correo electr\u00f3nico, no servir\u00e1 de excusa para una cancelaci\u00f3n que no se haya presentado a tiempo.<br>(5) La reclamaci\u00f3n de da\u00f1os y perjuicios no se aplicar\u00e1 si se ha demostrado que el paciente no pudo cancelar o acudir a tiempo a la cita por causas ajenas a su voluntad. Deber\u00e1 acreditarlo en un plazo de 7 d\u00edas laborables sin que se le solicite.<br>(6) El paciente tambi\u00e9n es libre de demostrar que el m\u00e9dico no ha sufrido ninguna p\u00e9rdida o una p\u00e9rdida menor que la cantidad a tanto alzado reclamada.<\/p>\n<p>(7) La indemnizaci\u00f3n correspondiente debe pagarse a m\u00e1s tardar despu\u00e9s del plazo de pago legal de 30 d\u00edas.<\/p>\n<h3>\u00a7 6 Reglamento de pagos<\/h3>\n<p>Para tratamientos de servicios m\u00e9dicos privados y servicios m\u00e9dicos opcionales:<\/p>\n<p>(1) Por la prestaci\u00f3n de estos servicios m\u00e9dicos, la consulta recibe unos honorarios basados en<br>seg\u00fan las directrices del baremo de honorarios m\u00e9dicos alem\u00e1n (GO\u00c4) en su \u00faltima versi\u00f3n de 1 de mayo de 2001 y, en su caso, las recomendaciones de facturaci\u00f3n an\u00e1logas de la Asociaci\u00f3n M\u00e9dica Alemana hasta 2,3 veces la tarifa est\u00e1ndar, en caso de dificultad o gasto de tiempo superior a la media tambi\u00e9n hasta 3,5 veces la tarifa para servicios m\u00e9dicos y 2,5 veces la tarifa para servicios t\u00e9cnicos. Cualquier tasa de aumento adicional se acordar\u00e1 individualmente por adelantado y se registrar\u00e1 por escrito en su expediente de paciente. No se pueden tener en cuenta las desviaciones de las normativas sobre subvenciones o las tarifas de los seguros.  <br>(2) En caso necesario, se aplican los llamados n\u00fameros anal\u00f3gicos (normalmente de acuerdo con las recomendaciones de la Asociaci\u00f3n M\u00e9dica Alemana). Los c\u00f3digos an\u00e1logos se refieren a servicios que no est\u00e1n cubiertos por el GO\u00c4 o lo est\u00e1n de forma insuficiente. Si los servicios son prestados por terceros (por ejemplo, laboratorio, histolog\u00eda), \u00e9stos emitir\u00e1n una factura aparte al paciente.<\/p>\n<p>(3) Sin embargo, no garantizamos expresamente el reembolso \u00edntegro del importe de la factura por parte de las aseguradoras o los organismos de subvenci\u00f3n, ya que \u00abla orientaci\u00f3n de la actuaci\u00f3n m\u00e9dica en funci\u00f3n de las opciones de reembolso del asegurado, desconocidas en su diversidad, es inadmisible\u00bb (OLG Koblenz 6U286\/87 y 7U50\/85). Esto tiene en cuenta, entre otras cosas, el hecho de que el m\u00e9dico es el \u00fanico responsable de la prestaci\u00f3n de servicios completos y de alta calidad de acuerdo con la necesidad m\u00e9dica y no el pagador.<\/p>\n<p>(4 ) La obligaci\u00f3n de pagar una factura m\u00e9dica emitida correctamente recae en el paciente o en su representante legal. De acuerdo con la base legal del GO\u00c4, una factura emitida es pagadera inmediatamente despu\u00e9s de su recepci\u00f3n.<\/p>\n<p>(5) En el caso de cuestiones puramente est\u00e9ticas, no hay obligaci\u00f3n de reembolso por parte de los portadores de costes. En estos casos, estamos obligados a cargar el IVA legal sobre el importe de la factura y pagarlo a la Agencia Tributaria. En cambio, los servicios m\u00e9dicamente necesarios est\u00e1n exentos del IVA.<\/p>\n<p>(6) La tasa deber\u00e1 abonarse a m\u00e1s tardar 30 d\u00edas despu\u00e9s de la facturaci\u00f3n. Se advierte al paciente de que debe abonar la totalidad de los honorarios aunque el seguro m\u00e9dico privado, el proveedor del subsidio u otros portadores de gastos no reembolsen la totalidad de los honorarios. Se recomienda que el paciente aclare de antemano la asunci\u00f3n de los costes del tratamiento.<br>(7) En el caso de los servicios m\u00e9dicos electivos (IGeL) basados en el Baremo Oficial de Honorarios M\u00e9dicos (GO\u00c4) conforme a los \u00a7 1-12 (con excepci\u00f3n del \u00a7 2 GO\u00c4), se aplicar\u00e1 un acuerdo de honorarios con las siguientes tarifas de honorarios:  <br>a) el servicio m\u00e9dico de 1 a 5 veces la tarifa<br>b) los servicios m\u00e9dico-t\u00e9cnicos de 1 a 5 veces la tarifa<br>&#8211; El factor decisivo para la decisi\u00f3n sobre el acuerdo de honorarios es que el tratamiento deseado no forme parte de la prescripci\u00f3n del m\u00e9dico contratado<br>&#8211; El factor decisivo para la decisi\u00f3n es que, aunque el tratamiento deseado forma parte de la prescripci\u00f3n del m\u00e9dico contratado, el paciente desea ser tratado y pagado por un m\u00e9dico privado por motivos personales.<\/p>\n<p>En el caso de los servicios m\u00e9dicos opcionales, se informar\u00e1 al paciente de los costes totales previstos antes del inicio del tratamiento. Las facturas por servicios m\u00e9dicos electivos son pagaderas inmediatamente, de lo contrario solicitamos el pago de las facturas emitidas en un plazo de 3 semanas a partir de la fecha de la factura. Por supuesto, cualquiera puede olvidar algo, pero cualquier recordatorio necesario est\u00e1 sujeto a un cargo, ya que tambi\u00e9n incurrimos en gastos por ello (impresi\u00f3n, franqueo, costes de personal). Despu\u00e9s de 2 recordatorios necesarios, entregamos los casos directamente a Fiduzia Inkasso.<\/p>\n<p>(8) Los tutores legales se unir\u00e1n a las demandas contra sus hijos.<\/p>\n<h3>\u00a7 7 Prohibici\u00f3n de cesi\u00f3n<\/h3>\n<p>Queda excluida la cesi\u00f3n de reclamaciones legalmente establecidas o indiscutibles derivadas de la relaci\u00f3n de tratamiento, a menos que el m\u00e9dico lo acepte de antemano.<\/p>\n<h3>\u00a7 8 Limitaci\u00f3n de responsabilidad<\/h3>\n<p>(1) La consulta s\u00f3lo es responsable de los da\u00f1os causados a los objetos tra\u00eddos a la consulta que permanezcan bajo el cuidado del paciente, de la p\u00e9rdida de dinero o de objetos de valor en caso de dolo y negligencia grave.<\/p>\n<p>(2) No se acepta ninguna responsabilidad por el vestuario del paciente.<\/p>\n<h3>\u00a7 9 Disposici\u00f3n final<\/h3>\n<p>En caso de que alguna de las disposiciones de las presentes Condiciones Generales fuera o llegara a ser inv\u00e1lida o contuviera alguna laguna, el resto de las disposiciones no se ver\u00e1n afectadas.<br>La consulta debe ser informada a tiempo de cualquier cambio de direcci\u00f3n y otros datos importantes para la facturaci\u00f3n y la atenci\u00f3n m\u00e9dica.<br>Estado 01.04.2024<\/p>\t\t\t\t\t\t\t\t<\/div>\n\t\t\t\t<\/div>\n\t\t\t\t\t<\/div>\n\t\t\t\t<\/div>\n\t\t\t\t<\/div>\n\t\t","protected":false},"excerpt":{"rendered":"<p>Condiciones generales La consulta dermatol\u00f3gica privada en Schweizer Platz 56 en 60594 Frankfurt am Main, Dr med. (SR) Aleksander Markovic \u00a7 1 \u00c1mbito de aplicaci\u00f3n (1) Salvo acuerdo en contrario, las presentes Condiciones Generales se aplicar\u00e1n a la relaci\u00f3n contractual entre el m\u00e9dico y el paciente o entre la consulta del m\u00e9dico y el paciente.(2) [&hellip;]<\/p>\n","protected":false},"author":3,"featured_media":0,"parent":0,"menu_order":0,"comment_status":"closed","ping_status":"closed","template":"","meta":{"footnotes":""},"class_list":["post-17544","page","type-page","status-publish","hentry"],"_links":{"self":[{"href":"https:\/\/www.hautarzt-markovic.de\/es\/wp-json\/wp\/v2\/pages\/17544","targetHints":{"allow":["GET"]}}],"collection":[{"href":"https:\/\/www.hautarzt-markovic.de\/es\/wp-json\/wp\/v2\/pages"}],"about":[{"href":"https:\/\/www.hautarzt-markovic.de\/es\/wp-json\/wp\/v2\/types\/page"}],"author":[{"embeddable":true,"href":"https:\/\/www.hautarzt-markovic.de\/es\/wp-json\/wp\/v2\/users\/3"}],"replies":[{"embeddable":true,"href":"https:\/\/www.hautarzt-markovic.de\/es\/wp-json\/wp\/v2\/comments?post=17544"}],"version-history":[{"count":0,"href":"https:\/\/www.hautarzt-markovic.de\/es\/wp-json\/wp\/v2\/pages\/17544\/revisions"}],"wp:attachment":[{"href":"https:\/\/www.hautarzt-markovic.de\/es\/wp-json\/wp\/v2\/media?parent=17544"}],"curies":[{"name":"wp","href":"https:\/\/api.w.org\/{rel}","templated":true}]}}