{"id":20652,"date":"2024-05-20T19:42:03","date_gmt":"2024-05-20T17:42:03","guid":{"rendered":"https:\/\/www.hautarzt-markovic.de\/karriere\/"},"modified":"2026-04-15T10:52:12","modified_gmt":"2026-04-15T08:52:12","slug":"karriere","status":"publish","type":"page","link":"https:\/\/www.hautarzt-markovic.de\/es\/karriere\/","title":{"rendered":"Carrera profesional"},"content":{"rendered":"\t\t<div data-elementor-type=\"wp-page\" data-elementor-id=\"20652\" class=\"elementor elementor-20652 elementor-17701\" data-elementor-post-type=\"page\">\n\t\t\t\t<div class=\"elementor-element elementor-element-e5829ec e-grid e-con-boxed e-con e-parent\" data-id=\"e5829ec\" data-element_type=\"container\" data-e-type=\"container\" data-settings=\"{&quot;jet_parallax_layout_list&quot;:[]}\">\n\t\t\t\t\t<div class=\"e-con-inner\">\n\t\t<div class=\"elementor-element elementor-element-fefdcc3 e-con-full e-flex e-con e-child\" data-id=\"fefdcc3\" data-element_type=\"container\" data-e-type=\"container\" data-settings=\"{&quot;background_background&quot;:&quot;classic&quot;,&quot;jet_parallax_layout_list&quot;:[]}\">\n\t\t\t\t<div class=\"elementor-element elementor-element-4517d7a elementor-widget elementor-widget-heading\" data-id=\"4517d7a\" data-element_type=\"widget\" data-e-type=\"widget\" data-widget_type=\"heading.default\">\n\t\t\t\t<div class=\"elementor-widget-container\">\n\t\t\t\t\t<h1 class=\"elementor-heading-title elementor-size-default\">Vacantes abiertas<\/h1>\t\t\t\t<\/div>\n\t\t\t\t<\/div>\n\t\t\t\t<div class=\"elementor-element elementor-element-a5cf0f4 elementor-widget elementor-widget-text-editor\" data-id=\"a5cf0f4\" data-element_type=\"widget\" data-e-type=\"widget\" data-widget_type=\"text-editor.default\">\n\t\t\t\t<div class=\"elementor-widget-container\">\n\t\t\t\t\t\t\t\t\t<p>Si te apasiona la dermatolog\u00eda y disfrutas trabajando en un equipo din\u00e1mico y colegiado, has llegado al lugar adecuado.<br><br>Descubre nuestras vacantes y presenta tu candidatura: \u00a1estamos deseando conocerte!<\/p>\t\t\t\t\t\t\t\t<\/div>\n\t\t\t\t<\/div>\n\t\t\t\t<\/div>\n\t\t<div class=\"elementor-element elementor-element-ca1b6ae e-con-full e-flex e-con e-child\" data-id=\"ca1b6ae\" data-element_type=\"container\" data-e-type=\"container\" data-settings=\"{&quot;jet_parallax_layout_list&quot;:[],&quot;background_background&quot;:&quot;classic&quot;}\">\n\t\t\t\t<\/div>\n\t\t\t\t\t<\/div>\n\t\t\t\t<\/div>\n\t\t<div class=\"elementor-element elementor-element-a76ea3f e-flex e-con-boxed e-con e-parent\" data-id=\"a76ea3f\" data-element_type=\"container\" data-e-type=\"container\" data-settings=\"{&quot;jet_parallax_layout_list&quot;:[]}\">\n\t\t\t\t\t<div class=\"e-con-inner\">\n\t\t\t\t<div class=\"elementor-element elementor-element-066ca35 elementor-widget elementor-widget-jet-accordion\" data-id=\"066ca35\" data-element_type=\"widget\" data-e-type=\"widget\" data-widget_type=\"jet-accordion.default\">\n\t\t\t\t<div class=\"elementor-widget-container\">\n\t\t\t\t\t\t\t\t\t<div class=\"jet-accordion\" data-settings=\"{&quot;collapsible&quot;:false,&quot;ajaxTemplate&quot;:false,&quot;switchScrolling&quot;:false,&quot;switchScrollingTablet&quot;:false,&quot;switchScrollingMobile&quot;:false,&quot;switchScrollingOffset&quot;:{&quot;size&quot;:0,&quot;unit&quot;:&quot;px&quot;},&quot;switchScrollingOffsetTablet&quot;:{&quot;size&quot;:0,&quot;unit&quot;:&quot;px&quot;},&quot;switchScrollingOffsetMobile&quot;:{&quot;size&quot;:0,&quot;unit&quot;:&quot;px&quot;},&quot;switchScrollingDelay&quot;:500,&quot;switchScrollingDelayTablet&quot;:500,&quot;switchScrollingDelayMobile&quot;:500}\">\n\t\t\t<div class=\"jet-accordion__inner\">\n\t\t\t\t<div class=\" jet-accordion__item jet-toggle jet-toggle-none-effect \">\n\t\t\t\t\t\t\t<div id=\"jet-toggle-control-6731\" class=\"jet-toggle__control elementor-menu-anchor\" data-toggle=\"1\" role=\"button\" tabindex=\"0\" aria-controls=\"jet-toggle-content-6731\" aria-expanded=\"false\" data-template-id=\"false\">\n\t\t\t\t\t\t\t\t<div class=\"jet-toggle__label-icon jet-toggle-icon-position-right\"><span class=\"jet-toggle__icon icon-normal jet-tabs-icon\"><svg class=\"e-font-icon-svg e-fas-plus\" viewBox=\"0 0 448 512\" xmlns=\"http:\/\/www.w3.org\/2000\/svg\"><path d=\"M416 208H272V64c0-17.67-14.33-32-32-32h-32c-17.67 0-32 14.33-32 32v144H32c-17.67 0-32 14.33-32 32v32c0 17.67 14.33 32 32 32h144v144c0 17.67 14.33 32 32 32h32c17.67 0 32-14.33 32-32V304h144c17.67 0 32-14.33 32-32v-32c0-17.67-14.33-32-32-32z\"><\/path><\/svg><\/span><span class=\"jet-toggle__icon icon-active jet-tabs-icon\"><svg class=\"e-font-icon-svg e-fas-minus\" viewBox=\"0 0 448 512\" xmlns=\"http:\/\/www.w3.org\/2000\/svg\"><path d=\"M416 208H32c-17.67 0-32 14.33-32 32v32c0 17.67 14.33 32 32 32h384c17.67 0 32-14.33 32-32v-32c0-17.67-14.33-32-32-32z\"><\/path><\/svg><\/span><\/div><h3 class=\"jet-toggle__label-text\">Asistente m\u00e9dico (MFA) o asistente dental (ZFA)(m\/f\/d)<\/h3>\t\t\t\t\t\t\t<\/div>\n\t\t\t\t\t\t\t<div id=\"jet-toggle-content-6731\" class=\"jet-toggle__content\" data-toggle=\"1\" role=\"region\" data-template-id=\"false\">\n\t\t\t\t\t\t\t\t<div class=\"jet-toggle__content-inner\"><p>Somos una moderna consulta dermatol\u00f3gica privada en el coraz\u00f3n de Fr\u00e1ncfort-Sachsenhausen especializada en dermatolog\u00eda conservadora y quir\u00fargica, as\u00ed como en medicina l\u00e1ser y est\u00e9tica.<\/p>\n<p><strong><span style=\"text-decoration: underline;\">Buscamos un MFA\/ZFA o un profesional con experiencia previa como MFA\/ZFA lo antes posible.<\/span><\/strong><\/p>\n<p>Todos los procesos se controlan digitalmente, desde el registro hasta la asignaci\u00f3n de citas. Esto facilita la gesti\u00f3n de la consulta a todos los empleados. Sin gesti\u00f3n de papel. Las salas de consulta, elegantemente renovadas, completan la ubicaci\u00f3n y la sensaci\u00f3n de bienestar de nuestra consulta. Un ambiente de trabajo agradable con una base de pacientes consolidada garantiza una atm\u00f3sfera de trabajo agradable.    <\/p>\n<p>Trabajamos con el software para consultas Tomedo y la agenda de citas online Doctolib. Funcionamiento muy intuitivo. S\u00f3lo se necesita una breve sesi\u00f3n informativa.  <\/p>\n<p>Hay muy buenas conexiones de transporte p\u00fablico con el S-Bahn (S\u00fcdbahnhof) y los servicios de metro y tranv\u00eda (Schweizer Platz).<\/p>\n<h3>Lo que llevas contigo:<\/h3>\n<ul>\n<li>Formaci\u00f3n completa como MFA\/ZFA\/ZMA o experiencia previa como cambio de carrera en una consulta m\u00e9dica<\/li>\n<li>Experiencia como recepcionista o asistente<\/li>\n<li>Asistir a los m\u00e9dicos en el examen\/cuidado y cirug\u00eda de los pacientes<\/li>\n<li>Experiencia en recepci\u00f3n y gesti\u00f3n de consultas<\/li>\n<\/ul>\n<h3>Esto es lo que te ofrecemos:<\/h3>\n<ul>\n<li>\u00a1Un salario superior a la media!<\/li>\n<li>Proceso regulado y estructurado en nuestra pr\u00e1ctica.<\/li>\n<li>Eventos de equipo y descuentos para empleados<\/li>\n<li>Bebidas gratis<\/li>\n<\/ul>\n<h3>Horario de trabajo:<\/h3>\n<ul>\n<li>Por acuerdo<\/li>\n<\/ul>\n<p><strong>Por favor, env\u00eda tus consultas y solicitudes a <a href=\"mailto:aleksander.markovicmd@gmail.com\">aleksander.markovicmd@gmail.com<\/a><\/strong><\/p>\n<\/div>\n\t\t\t\t\t\t\t<\/div>\n\t\t\t\t\t\t<\/div><div class=\" jet-accordion__item jet-toggle jet-toggle-none-effect \">\n\t\t\t\t\t\t\t<div id=\"jet-toggle-control-6732\" class=\"jet-toggle__control elementor-menu-anchor\" data-toggle=\"2\" role=\"button\" tabindex=\"0\" aria-controls=\"jet-toggle-content-6732\" aria-expanded=\"false\" data-template-id=\"false\">\n\t\t\t\t\t\t\t\t<div class=\"jet-toggle__label-icon jet-toggle-icon-position-right\"><span class=\"jet-toggle__icon icon-normal jet-tabs-icon\"><svg class=\"e-font-icon-svg e-fas-plus\" viewBox=\"0 0 448 512\" xmlns=\"http:\/\/www.w3.org\/2000\/svg\"><path d=\"M416 208H272V64c0-17.67-14.33-32-32-32h-32c-17.67 0-32 14.33-32 32v144H32c-17.67 0-32 14.33-32 32v32c0 17.67 14.33 32 32 32h144v144c0 17.67 14.33 32 32 32h32c17.67 0 32-14.33 32-32V304h144c17.67 0 32-14.33 32-32v-32c0-17.67-14.33-32-32-32z\"><\/path><\/svg><\/span><span class=\"jet-toggle__icon icon-active jet-tabs-icon\"><svg class=\"e-font-icon-svg e-fas-minus\" viewBox=\"0 0 448 512\" xmlns=\"http:\/\/www.w3.org\/2000\/svg\"><path d=\"M416 208H32c-17.67 0-32 14.33-32 32v32c0 17.67 14.33 32 32 32h384c17.67 0 32-14.33 32-32v-32c0-17.67-14.33-32-32-32z\"><\/path><\/svg><\/span><\/div><h3 class=\"jet-toggle__label-text\">Dermat\u00f3logo (h\/m\/d)<\/h3>\t\t\t\t\t\t\t<\/div>\n\t\t\t\t\t\t\t<div id=\"jet-toggle-content-6732\" class=\"jet-toggle__content\" data-toggle=\"2\" role=\"region\" data-template-id=\"false\">\n\t\t\t\t\t\t\t\t<div class=\"jet-toggle__content-inner\"><p>Somos una moderna consulta privada de dermatolog\u00eda en el coraz\u00f3n de Frankfurt-Sachsenhausen especializada en dermatolog\u00eda conservadora y quir\u00fargica, as\u00ed como en medicina l\u00e1ser y est\u00e9tica y estamos buscando <strong>un especialista en dermatolog\u00eda a tiempo parcial (32h\/semana) o 20h\/semana (jueves y viernes o lunes y martes) para <span style=\"text-decoration: underline;\">empezar lo antes posible<\/span>.<span style=\"text-decoration: underline;\"><br \/><\/span><\/strong><\/p>\n<p>Todos los procesos se gestionan digitalmente, desde la inscripci\u00f3n hasta la asignaci\u00f3n de citas. Esto simplifica las operaciones y procedimientos de la consulta para todo el personal. No es necesario conocer los c\u00f3digos de facturaci\u00f3n GO\u00c4.  <\/p>\n<p>Hay muy buenas conexiones de transporte p\u00fablico con el S-Bahn (S\u00fcdbahnhof) y los servicios de metro y tranv\u00eda (Schweizer Platz).<\/p>\n<h3>Buscamos un dermat\u00f3logo para la siguiente gama de servicios:<\/h3>\n<ul>\n<li>Dermatolog\u00eda conservadora incl. tratamientos con biol\u00f3gicos <\/li>\n<li>Medicina l\u00e1ser (Nd:YAG, erbio, luz flash IPL para manchas pigmentarias y ros\u00e1cea)<\/li>\n<li>Dermatolog\u00eda quir\u00fargica con plastia de colgajo de redistribuci\u00f3n menor<\/li>\n<li>Alergolog\u00eda<\/li>\n<li>Medicina est\u00e9tica, en particular BTX y lip\u00f3lisis l\u00e1ser (posibilidad de familiarizaci\u00f3n) <\/li>\n<\/ul>\n<h3>Lo que llevas contigo:<\/h3>\n<ul>\n<li><strong>Completa la formaci\u00f3n especializada como dermat\u00f3logo.<\/strong><\/li>\n<li><strong>Alem\u00e1n e ingl\u00e9s perfectos<\/strong>. Otros idiomas extranjeros como italiano, ruso, japon\u00e9s o serbocroata son deseables. <\/li>\n<li>Deseable pero no obligatorio: Conocimiento del manejo y uso del software de consultas Tomedo y de la agenda de citas Doctolib.<\/li>\n<li>Una forma de trabajar independiente, flexibilidad y capacidad de organizaci\u00f3n completan tu perfil.<\/li>\n<\/ul>\n<h3>Horario laboral<\/h3>\n<ul>\n<li>De lunes a viernes. Posibilidad tambi\u00e9n s\u00e1bados de 9-15h o por acuerdo semana de 4 d\u00edas o semana de 2 d\u00edas (20h, jueves y viernes o lunes y martes) <\/li>\n<\/ul>\n<p><strong>Por favor, env\u00eda tus consultas y solicitudes a <a href=\"mailto:aleksander.markovicmd@gmail.com\">aleksander.markovicmd@gmail.com<\/a><\/strong><\/p>\n<\/div>\n\t\t\t\t\t\t\t<\/div>\n\t\t\t\t\t\t<\/div>\t\t\t<\/div>\n\t\t<\/div>\n\t\t\t\t\t\t<\/div>\n\t\t\t\t<\/div>\n\t\t\t\t\t<\/div>\n\t\t\t\t<\/div>\n\t\t\t\t<\/div>\n\t\t","protected":false},"excerpt":{"rendered":"<p>Vacantes abiertas Si te apasiona la dermatolog\u00eda y disfrutas trabajando en un equipo din\u00e1mico y colegiado, has llegado al lugar adecuado. Descubre nuestras vacantes y presenta tu candidatura: \u00a1estamos deseando conocerte! Asistente m\u00e9dico (MFA) o asistente dental (ZFA)(m\/f\/d) Somos una moderna consulta dermatol\u00f3gica privada en el coraz\u00f3n de Fr\u00e1ncfort-Sachsenhausen especializada en dermatolog\u00eda conservadora y quir\u00fargica, [&hellip;]<\/p>\n","protected":false},"author":3,"featured_media":0,"parent":0,"menu_order":0,"comment_status":"closed","ping_status":"closed","template":"","meta":{"footnotes":""},"class_list":["post-20652","page","type-page","status-publish","hentry"],"_links":{"self":[{"href":"https:\/\/www.hautarzt-markovic.de\/es\/wp-json\/wp\/v2\/pages\/20652","targetHints":{"allow":["GET"]}}],"collection":[{"href":"https:\/\/www.hautarzt-markovic.de\/es\/wp-json\/wp\/v2\/pages"}],"about":[{"href":"https:\/\/www.hautarzt-markovic.de\/es\/wp-json\/wp\/v2\/types\/page"}],"author":[{"embeddable":true,"href":"https:\/\/www.hautarzt-markovic.de\/es\/wp-json\/wp\/v2\/users\/3"}],"replies":[{"embeddable":true,"href":"https:\/\/www.hautarzt-markovic.de\/es\/wp-json\/wp\/v2\/comments?post=20652"}],"version-history":[{"count":4,"href":"https:\/\/www.hautarzt-markovic.de\/es\/wp-json\/wp\/v2\/pages\/20652\/revisions"}],"predecessor-version":[{"id":25207,"href":"https:\/\/www.hautarzt-markovic.de\/es\/wp-json\/wp\/v2\/pages\/20652\/revisions\/25207"}],"wp:attachment":[{"href":"https:\/\/www.hautarzt-markovic.de\/es\/wp-json\/wp\/v2\/media?parent=20652"}],"curies":[{"name":"wp","href":"https:\/\/api.w.org\/{rel}","templated":true}]}}