{"id":23504,"date":"2025-10-09T05:35:36","date_gmt":"2025-10-09T03:35:36","guid":{"rendered":"https:\/\/www.hautarzt-markovic.de\/karriere\/medizinischer-fachangestellter-mfa-m-w-d\/"},"modified":"2026-04-15T10:52:36","modified_gmt":"2026-04-15T08:52:36","slug":"medizinischer-fachangestellter-mfa-m-w-d","status":"publish","type":"page","link":"https:\/\/www.hautarzt-markovic.de\/es\/karriere\/medizinischer-fachangestellter-mfa-m-w-d\/","title":{"rendered":"Asistente m\u00e9dico (MFA) (h\/m\/d)"},"content":{"rendered":"\t\t<div data-elementor-type=\"wp-page\" data-elementor-id=\"23504\" class=\"elementor elementor-23504 elementor-23285\" data-elementor-post-type=\"page\">\n\t\t\t\t<div class=\"elementor-element elementor-element-a76ea3f e-flex e-con-boxed e-con e-parent\" data-id=\"a76ea3f\" data-element_type=\"container\" data-e-type=\"container\" data-settings=\"{&quot;jet_parallax_layout_list&quot;:[]}\">\n\t\t\t\t\t<div class=\"e-con-inner\">\n\t\t<div class=\"elementor-element elementor-element-281c1a5 e-con-full e-flex e-con e-child\" data-id=\"281c1a5\" data-element_type=\"container\" data-e-type=\"container\" data-settings=\"{&quot;jet_parallax_layout_list&quot;:[]}\">\n\t\t\t\t<div class=\"elementor-element elementor-element-0bfc567 elementor-widget elementor-widget-heading\" data-id=\"0bfc567\" data-element_type=\"widget\" data-e-type=\"widget\" data-widget_type=\"heading.default\">\n\t\t\t\t<div class=\"elementor-widget-container\">\n\t\t\t\t\t<h1 class=\"elementor-heading-title elementor-size-default\">Asistente m\u00e9dico (MFA) o asistente dental (ZFA) (h\/m\/d)<\/h1>\t\t\t\t<\/div>\n\t\t\t\t<\/div>\n\t\t\t\t<div class=\"elementor-element elementor-element-eb942e8 elementor-widget elementor-widget-text-editor\" data-id=\"eb942e8\" data-element_type=\"widget\" data-e-type=\"widget\" data-widget_type=\"text-editor.default\">\n\t\t\t\t<div class=\"elementor-widget-container\">\n\t\t\t\t\t\t\t\t\t<p>Somos una moderna consulta dermatol\u00f3gica privada en el coraz\u00f3n de Fr\u00e1ncfort-Sachsenhausen especializada en dermatolog\u00eda conservadora y quir\u00fargica, as\u00ed como en medicina l\u00e1ser y est\u00e9tica.<\/p><p><strong><span style=\"text-decoration: underline;\">Buscamos un MFA\/ZFA o un profesional con experiencia previa como MFA\/ZFA lo antes posible.<\/span><\/strong><\/p><p>Todos los procesos se controlan digitalmente, desde el registro hasta la asignaci\u00f3n de citas. Esto facilita la gesti\u00f3n de la consulta a todos los empleados. Sin gesti\u00f3n de papel. Las salas de consulta, elegantemente renovadas, completan la ubicaci\u00f3n y la sensaci\u00f3n de bienestar de nuestra consulta. Un ambiente de trabajo agradable con una base de pacientes consolidada garantiza una atm\u00f3sfera de trabajo agradable.    <\/p><p>Trabajamos con el software para consultas Tomedo y la agenda de citas online Doctolib. Funcionamiento muy intuitivo. S\u00f3lo se necesita una breve sesi\u00f3n informativa.  <\/p><p>Hay muy buenas conexiones de transporte p\u00fablico con el S-Bahn (S\u00fcdbahnhof) y los servicios de metro y tranv\u00eda (Schweizer Platz).<\/p><h3>Lo que llevas contigo:<\/h3><ul><li>Formaci\u00f3n completa como MFA\/ZFA o experiencia previa como profesional en una consulta m\u00e9dica<\/li><li>Experiencia como recepcionista o asistente<\/li><li>Asistir a los m\u00e9dicos en el examen\/cuidado y cirug\u00eda de los pacientes<\/li><li>Experiencia en recepci\u00f3n y gesti\u00f3n de consultas<\/li><\/ul><h3>Esto es lo que te ofrecemos:<\/h3><ul><li>\u00a1Un salario superior a la media!<\/li><li>Proceso regulado y estructurado en nuestra pr\u00e1ctica.<\/li><li>Eventos de equipo y descuentos para empleados<\/li><li>Bebidas gratis<\/li><\/ul><h3>Horario de trabajo:<\/h3><ul><li>Por acuerdo<\/li><\/ul><p> <\/p><p>Por favor, env\u00eda tus consultas y solicitudes a <span style=\"text-decoration: underline;\">aleksander.markovicmd@gmail.com<\/span><\/p>\t\t\t\t\t\t\t\t<\/div>\n\t\t\t\t<\/div>\n\t\t\t\t<\/div>\n\t\t\t\t\t<\/div>\n\t\t\t\t<\/div>\n\t\t<div class=\"elementor-element elementor-element-2fa45ca e-flex e-con-boxed e-con e-parent\" data-id=\"2fa45ca\" data-element_type=\"container\" data-e-type=\"container\" data-settings=\"{&quot;jet_parallax_layout_list&quot;:[]}\">\n\t\t\t\t\t<div class=\"e-con-inner\">\n\t\t<section class=\"elementor-element elementor-element-2f125b3 e-flex e-con-boxed e-con e-child\" data-id=\"2f125b3\" data-element_type=\"container\" data-e-type=\"container\" data-settings=\"{&quot;background_background&quot;:&quot;classic&quot;,&quot;jet_parallax_layout_list&quot;:[]}\">\n\t\t\t\t\t<div class=\"e-con-inner\">\n\t\t<div class=\"elementor-element elementor-element-179ea22 e-con-full e-flex e-con e-child\" data-id=\"179ea22\" data-element_type=\"container\" data-e-type=\"container\" data-settings=\"{&quot;jet_parallax_layout_list&quot;:[]}\">\n\t\t\t\t<div class=\"elementor-element elementor-element-5b9ae6c elementor-widget elementor-widget-heading\" data-id=\"5b9ae6c\" data-element_type=\"widget\" data-e-type=\"widget\" data-widget_type=\"heading.default\">\n\t\t\t\t<div class=\"elementor-widget-container\">\n\t\t\t\t\t<p class=\"elementor-heading-title elementor-size-default\">\u00bfTe interesa?<\/p>\t\t\t\t<\/div>\n\t\t\t\t<\/div>\n\t\t\t\t<div class=\"elementor-element elementor-element-d7cb252 elementor-widget elementor-widget-text-editor\" data-id=\"d7cb252\" data-element_type=\"widget\" data-e-type=\"widget\" data-widget_type=\"text-editor.default\">\n\t\t\t\t<div class=\"elementor-widget-container\">\n\t\t\t\t\t\t\t\t\t<p>Por favor, env\u00eda tus consultas y solicitudes a <span style=\"text-decoration: underline;\">aleksander.markovicmd@gmail.com<\/span><\/p>\t\t\t\t\t\t\t\t<\/div>\n\t\t\t\t<\/div>\n\t\t\t\t<div class=\"elementor-element elementor-element-f1e1277 elementor-align-center cta-btn elementor-invisible elementor-widget elementor-widget-button\" data-id=\"f1e1277\" data-element_type=\"widget\" data-e-type=\"widget\" data-settings=\"{&quot;_animation&quot;:&quot;fadeInUp&quot;}\" data-widget_type=\"button.default\">\n\t\t\t\t<div class=\"elementor-widget-container\">\n\t\t\t\t\t\t\t\t\t<div class=\"elementor-button-wrapper\">\n\t\t\t\t\t<a class=\"elementor-button elementor-button-link elementor-size-sm\" href=\"mailto:aleksander.markovicmd@gmail.com\" target=\"_blank\">\n\t\t\t\t\t\t<span class=\"elementor-button-content-wrapper\">\n\t\t\t\t\t\t\t\t\t<span class=\"elementor-button-text\">Solicitar ahora<\/span>\n\t\t\t\t\t<\/span>\n\t\t\t\t\t<\/a>\n\t\t\t\t<\/div>\n\t\t\t\t\t\t\t\t<\/div>\n\t\t\t\t<\/div>\n\t\t\t\t<\/div>\n\t\t\t\t\t<\/div>\n\t\t\t\t<\/section>\n\t\t\t\t\t<\/div>\n\t\t\t\t<\/div>\n\t\t\t\t<\/div>\n\t\t","protected":false},"excerpt":{"rendered":"<p>Asistente m\u00e9dico (MFA) o asistente dental (ZFA) (h\/m\/d) Somos una moderna consulta dermatol\u00f3gica privada en el coraz\u00f3n de Fr\u00e1ncfort-Sachsenhausen especializada en dermatolog\u00eda conservadora y quir\u00fargica, as\u00ed como en medicina l\u00e1ser y est\u00e9tica. Buscamos un MFA\/ZFA o un profesional con experiencia previa como MFA\/ZFA lo antes posible. Todos los procesos se controlan digitalmente, desde el registro [&hellip;]<\/p>\n","protected":false},"author":3,"featured_media":0,"parent":20652,"menu_order":0,"comment_status":"closed","ping_status":"closed","template":"","meta":{"footnotes":""},"class_list":["post-23504","page","type-page","status-publish","hentry"],"_links":{"self":[{"href":"https:\/\/www.hautarzt-markovic.de\/es\/wp-json\/wp\/v2\/pages\/23504","targetHints":{"allow":["GET"]}}],"collection":[{"href":"https:\/\/www.hautarzt-markovic.de\/es\/wp-json\/wp\/v2\/pages"}],"about":[{"href":"https:\/\/www.hautarzt-markovic.de\/es\/wp-json\/wp\/v2\/types\/page"}],"author":[{"embeddable":true,"href":"https:\/\/www.hautarzt-markovic.de\/es\/wp-json\/wp\/v2\/users\/3"}],"replies":[{"embeddable":true,"href":"https:\/\/www.hautarzt-markovic.de\/es\/wp-json\/wp\/v2\/comments?post=23504"}],"version-history":[{"count":4,"href":"https:\/\/www.hautarzt-markovic.de\/es\/wp-json\/wp\/v2\/pages\/23504\/revisions"}],"predecessor-version":[{"id":24543,"href":"https:\/\/www.hautarzt-markovic.de\/es\/wp-json\/wp\/v2\/pages\/23504\/revisions\/24543"}],"up":[{"embeddable":true,"href":"https:\/\/www.hautarzt-markovic.de\/es\/wp-json\/wp\/v2\/pages\/20652"}],"wp:attachment":[{"href":"https:\/\/www.hautarzt-markovic.de\/es\/wp-json\/wp\/v2\/media?parent=23504"}],"curies":[{"name":"wp","href":"https:\/\/api.w.org\/{rel}","templated":true}]}}