{"id":16028,"date":"2022-04-24T16:35:31","date_gmt":"2022-04-24T14:35:31","guid":{"rendered":"https:\/\/hautarzt-markovic.fuelmedia.de\/filozofija-prakse-i-spektar-lijecenja\/"},"modified":"2026-04-15T10:44:43","modified_gmt":"2026-04-15T08:44:43","slug":"filozofija-prakse-i-spektar-lijecenja","status":"publish","type":"page","link":"https:\/\/www.hautarzt-markovic.de\/hr\/filozofija-prakse-i-spektar-lijecenja\/","title":{"rendered":"Filozofija prakse i spektar lije\u010denja"},"content":{"rendered":"\t\t<div data-elementor-type=\"wp-page\" data-elementor-id=\"16028\" class=\"elementor elementor-16028 elementor-3953\" data-elementor-post-type=\"page\">\n\t\t\t\t<div class=\"elementor-element elementor-element-aa40b32 e-grid e-con-boxed e-con e-parent\" data-id=\"aa40b32\" data-element_type=\"container\" data-e-type=\"container\" data-settings=\"{&quot;jet_parallax_layout_list&quot;:[]}\">\n\t\t\t\t\t<div class=\"e-con-inner\">\n\t\t<div class=\"elementor-element elementor-element-483047b e-con-full e-flex e-con e-child\" data-id=\"483047b\" data-element_type=\"container\" data-e-type=\"container\" data-settings=\"{&quot;background_background&quot;:&quot;classic&quot;,&quot;jet_parallax_layout_list&quot;:[]}\">\n\t\t\t\t<div class=\"elementor-element elementor-element-bfdb12b elementor-widget elementor-widget-heading\" data-id=\"bfdb12b\" data-element_type=\"widget\" data-e-type=\"widget\" data-widget_type=\"heading.default\">\n\t\t\t\t<div class=\"elementor-widget-container\">\n\t\t\t\t\t<h1 class=\"elementor-heading-title elementor-size-default\">Na\u0161a filozofija prakse<\/h1>\t\t\t\t<\/div>\n\t\t\t\t<\/div>\n\t\t\t\t<div class=\"elementor-element elementor-element-74c126c elementor-widget elementor-widget-text-editor\" data-id=\"74c126c\" data-element_type=\"widget\" data-e-type=\"widget\" data-widget_type=\"text-editor.default\">\n\t\t\t\t<div class=\"elementor-widget-container\">\n\t\t\t\t\t\t\t\t\t<p>Budu\u0107i da nisu svi pacijenti isti, u na\u0161oj ordinaciji stavljamo naglasak na individualnost. Nudimo dijagnostiku, konzultacije i lije\u010denje prilago\u0111ene va\u0161im individualnim potrebama. Na\u0161a dermatolo\u0161ka ordinacija opremljena je najnovijom tehnologijom, od digitalnog probira raka ko\u017ee s umjetnom inteligencijom (AI) do najnovije generacije laserskih ure\u0111aja i najsuvremenijih operacijskih sala. <\/p><p>\u0160to se ti\u010de daljnjeg usavr\u0161avanja, tako\u0111er smo u tijeku s najnovijim dermatolo\u0161kim smjernicama koje su razvili stru\u010dnjaci kako bismo vam ponudili individualni tretman za va\u0161e probleme.<\/p>\t\t\t\t\t\t\t\t<\/div>\n\t\t\t\t<\/div>\n\t\t\t\t<\/div>\n\t\t<div class=\"elementor-element elementor-element-b32f0e8 e-con-full e-flex e-con e-child\" data-id=\"b32f0e8\" data-element_type=\"container\" data-e-type=\"container\" data-settings=\"{&quot;jet_parallax_layout_list&quot;:[],&quot;background_background&quot;:&quot;classic&quot;}\">\n\t\t\t\t<\/div>\n\t\t\t\t\t<\/div>\n\t\t\t\t<\/div>\n\t\t<div class=\"elementor-element elementor-element-a1be228 e-flex e-con-boxed e-con e-parent\" data-id=\"a1be228\" data-element_type=\"container\" data-e-type=\"container\" data-settings=\"{&quot;jet_parallax_layout_list&quot;:[]}\">\n\t\t\t\t\t<div class=\"e-con-inner\">\n\t\t\t\t<div class=\"elementor-element elementor-element-854aaa5 elementor-widget elementor-widget-heading\" data-id=\"854aaa5\" data-element_type=\"widget\" data-e-type=\"widget\" data-widget_type=\"heading.default\">\n\t\t\t\t<div class=\"elementor-widget-container\">\n\t\t\t\t\t<h2 class=\"elementor-heading-title elementor-size-default\">Spektar lije\u010denja<\/h2>\t\t\t\t<\/div>\n\t\t\t\t<\/div>\n\t\t\t\t<div class=\"elementor-element elementor-element-fad3a58 elementor-widget elementor-widget-text-editor\" data-id=\"fad3a58\" data-element_type=\"widget\" data-e-type=\"widget\" data-widget_type=\"text-editor.default\">\n\t\t\t\t<div class=\"elementor-widget-container\">\n\t\t\t\t\t\t\t\t\t<p>Spektar tretmana u na\u0161oj ordinaciji uklju\u010duje:<\/p><ul><li><a href=\"https:\/\/www.hautarzt-markovic.de\/hr\/service\/rak-koze\/\">Prevencija raka ko\u017ee i naknadna njega<\/a> uklj. Dermoskopija i <a href=\"https:\/\/www.hautarzt-markovic.de\/hr\/service\/digitalni-probir-raka-koze\/\">digitalni probir raka ko\u017ee<\/a> pomo\u0107u umjetne inteligencije (AI) <\/li><li><a href=\"https:\/\/www.hautarzt-markovic.de\/hr\/service\/laserska-medicina\/\">Laserska medicina<\/a><\/li><li><a href=\"https:\/\/www.hautarzt-markovic.de\/hr\/service\/laserlipolyse-frankfurt\/\">Laserska lipoliza za zatezanje ko\u017ee<\/a><\/li><li><a href=\"https:\/\/www.hautarzt-markovic.de\/hr\/service\/ambulantne-operacije\/\">Kirur\u0161ka dermatologija<\/a> uklj. Rekonstrukcija (tzv. displacement rotation flaps)<\/li><li><a href=\"https:\/\/www.hautarzt-markovic.de\/hr\/service\/fotodinamicka-terapija\/\">PDT (fotodinami\u010dka terapija)<\/a><\/li><li><a href=\"https:\/\/www.hautarzt-markovic.de\/hr\/service\/tretman-bora-sa-misicnim-relaksansom\/\">Minimalno invazivna estetska dermatologija <\/a><\/li><li>Tretmani s <a href=\"https:\/\/www.hautarzt-markovic.de\/hr\/service\/tretman-bora-sa-misicnim-relaksansom\/\">Muscle Relaxant\u00ae<\/a> i filerima te pomla\u0111ivanje ko\u017ee <a href=\"https:\/\/www.hautarzt-markovic.de\/hr\/service\/laserska-medicina\/\">laserom<\/a><\/li><li><a href=\"https:\/\/www.hautarzt-markovic.de\/hr\/service\/prp-vampirsko-podizanje\/\">PRP tretman mikroiglicama<\/a><\/li><li><a href=\"https:\/\/www.hautarzt-markovic.de\/hr\/service\/tretman-bora-sa-misicnim-relaksansom\/\">Tretmani za opu\u0161tanje mi\u0161i\u0107a<\/a> za bruksizam (\u0161kripanje zubima), kroni\u010dne migrene i <a href=\"https:\/\/www.hautarzt-markovic.de\/hr\/service\/hiperhidroza\/\">pretjerano znojenje (hiperhidroza)<\/a><\/li><li>Kru\u017eno ili nasljedno (androgeno) <a href=\"https:\/\/www.hautarzt-markovic.de\/hr\/service\/gubitak-kose\/\">ispadanje kose<\/a> &#8211; analiza kose pomo\u0107u <a href=\"https:\/\/www.hautarzt-markovic.de\/hr\/service\/gubitak-kose\/\">TrichoLAB-a<\/a><\/li><li><a href=\"https:\/\/www.hautarzt-markovic.de\/hr\/service\/retinol-piling\/\">Medicinski piling<\/a><\/li><li>Infekcije ko\u017ee, kose i noktiju, osobito virusne, bakterijske i gljivi\u010dne bolesti, kao i <a href=\"https:\/\/www.hautarzt-markovic.de\/hr\/service\/akne\/\">akne<\/a> i <a href=\"https:\/\/www.hautarzt-markovic.de\/hr\/service\/rosacea\/\">rosacea<\/a><\/li><li>Autoimune bolesti ko\u017ee ( <a href=\"https:\/\/www.hautarzt-markovic.de\/hr\/service\/neurodermitis\/\">ekcemi<\/a> , psorijaza i dr.)<\/li><li><a href=\"https:\/\/www.hautarzt-markovic.de\/hr\/service\/alergologija\/\">Alergije<\/a> i intolerancije (urtikarija, kozmetika i dr.)<\/li><\/ul>\t\t\t\t\t\t\t\t<\/div>\n\t\t\t\t<\/div>\n\t\t\t\t\t<\/div>\n\t\t\t\t<\/div>\n\t\t\t\t<\/div>\n\t\t","protected":false},"excerpt":{"rendered":"<p>Na\u0161a filozofija prakse Budu\u0107i da nisu svi pacijenti isti, u na\u0161oj ordinaciji stavljamo naglasak na individualnost. Nudimo dijagnostiku, konzultacije i lije\u010denje prilago\u0111ene va\u0161im individualnim potrebama. Na\u0161a dermatolo\u0161ka ordinacija opremljena je najnovijom tehnologijom, od digitalnog probira raka ko\u017ee s umjetnom inteligencijom (AI) do najnovije generacije laserskih ure\u0111aja i najsuvremenijih operacijskih sala. \u0160to se ti\u010de daljnjeg usavr\u0161avanja, [&hellip;]<\/p>\n","protected":false},"author":3,"featured_media":0,"parent":0,"menu_order":0,"comment_status":"closed","ping_status":"closed","template":"","meta":{"footnotes":""},"class_list":["post-16028","page","type-page","status-publish","hentry"],"_links":{"self":[{"href":"https:\/\/www.hautarzt-markovic.de\/hr\/wp-json\/wp\/v2\/pages\/16028","targetHints":{"allow":["GET"]}}],"collection":[{"href":"https:\/\/www.hautarzt-markovic.de\/hr\/wp-json\/wp\/v2\/pages"}],"about":[{"href":"https:\/\/www.hautarzt-markovic.de\/hr\/wp-json\/wp\/v2\/types\/page"}],"author":[{"embeddable":true,"href":"https:\/\/www.hautarzt-markovic.de\/hr\/wp-json\/wp\/v2\/users\/3"}],"replies":[{"embeddable":true,"href":"https:\/\/www.hautarzt-markovic.de\/hr\/wp-json\/wp\/v2\/comments?post=16028"}],"version-history":[{"count":14,"href":"https:\/\/www.hautarzt-markovic.de\/hr\/wp-json\/wp\/v2\/pages\/16028\/revisions"}],"predecessor-version":[{"id":24872,"href":"https:\/\/www.hautarzt-markovic.de\/hr\/wp-json\/wp\/v2\/pages\/16028\/revisions\/24872"}],"wp:attachment":[{"href":"https:\/\/www.hautarzt-markovic.de\/hr\/wp-json\/wp\/v2\/media?parent=16028"}],"curies":[{"name":"wp","href":"https:\/\/api.w.org\/{rel}","templated":true}]}}