{"id":16080,"date":"2023-05-25T20:41:17","date_gmt":"2023-05-25T18:41:17","guid":{"rendered":"https:\/\/hautarzt-markovic.fuelmedia.de\/vjezbaonice\/"},"modified":"2026-04-15T10:53:21","modified_gmt":"2026-04-15T08:53:21","slug":"vjezbaonice","status":"publish","type":"page","link":"https:\/\/www.hautarzt-markovic.de\/hr\/vjezbaonice\/","title":{"rendered":"Prostorije za vje\u017ebanje"},"content":{"rendered":"\t\t<div data-elementor-type=\"wp-page\" data-elementor-id=\"16080\" class=\"elementor elementor-16080 elementor-7724\" data-elementor-post-type=\"page\">\n\t\t\t\t<div class=\"elementor-element elementor-element-e9229d1 e-flex e-con-boxed e-con e-parent\" data-id=\"e9229d1\" data-element_type=\"container\" data-e-type=\"container\" data-settings=\"{&quot;jet_parallax_layout_list&quot;:[]}\">\n\t\t\t\t\t<div class=\"e-con-inner\">\n\t\t\t\t<div class=\"elementor-element elementor-element-d797c15 elementor-widget elementor-widget-heading\" data-id=\"d797c15\" data-element_type=\"widget\" data-e-type=\"widget\" data-widget_type=\"heading.default\">\n\t\t\t\t<div class=\"elementor-widget-container\">\n\t\t\t\t\t<h1 class=\"elementor-heading-title elementor-size-default\">Na\u0161e sobe za vje\u017ebanje<\/h1>\t\t\t\t<\/div>\n\t\t\t\t<\/div>\n\t\t\t\t<div class=\"elementor-element elementor-element-97dc0e0 elementor-widget elementor-widget-text-editor\" data-id=\"97dc0e0\" data-element_type=\"widget\" data-e-type=\"widget\" data-widget_type=\"text-editor.default\">\n\t\t\t\t<div class=\"elementor-widget-container\">\n\t\t\t\t\t\t\t\t\t<p>Opu\u0161tena atmosfera prvi je korak prema uspje\u0161nom lije\u010denju. Na ovoj stranici pozivamo vas na kratki virtualni obilazak na\u0161e ordinacije. Veselimo se \u0161to \u0107emo vas uskoro osobno ugostiti u na\u0161oj ordinaciji.  <\/p>\t\t\t\t\t\t\t\t<\/div>\n\t\t\t\t<\/div>\n\t\t\t\t<div class=\"elementor-element elementor-element-c4e74d5 elementor-widget elementor-widget-heading\" data-id=\"c4e74d5\" data-element_type=\"widget\" data-e-type=\"widget\" data-widget_type=\"heading.default\">\n\t\t\t\t<div class=\"elementor-widget-container\">\n\t\t\t\t\t<h2 class=\"elementor-heading-title elementor-size-default\">recepcija<\/h2>\t\t\t\t<\/div>\n\t\t\t\t<\/div>\n\t\t\t\t<div class=\"elementor-element elementor-element-9726dc8 elementor-widget elementor-widget-jet-images-layout\" data-id=\"9726dc8\" data-element_type=\"widget\" data-e-type=\"widget\" data-widget_type=\"jet-images-layout.default\">\n\t\t\t\t<div class=\"elementor-widget-container\">\n\t\t\t\t\t<div class=\"elementor-jet-images-layout jet-elements\">\n<div class=\"jet-images-layout layout-type-justify\" data-settings='{&quot;layoutType&quot;:&quot;justify&quot;,&quot;justifyHeight&quot;:300}'>\n\t<div class=\"jet-images-layout__list column-desktop-3 column-tablet-2 column-mobile-1\" >\n<div class=\"jet-images-layout__item \">\n\t<div class=\"jet-images-layout__inner\">\n\t\t<div class=\"jet-images-layout__image-loader\"><span><\/span><\/div>\n\t\t<a class=\"jet-images-layout__link \" href=\"https:\/\/www.hautarzt-markovic.de\/wp-content\/uploads\/2026\/04\/Rezeption-IhrHautarzt-162.jpg\" data-elementor-open-lightbox=\"yes\" data-elementor-lightbox-slideshow=\"9726dc8\" data-elementor-lightbox-title=\"\" data-elementor-lightbox-description=\"\">\n\t\t\t<div class=\"jet-images-layout__image\">\n\t\t\t\t<img decoding=\"async\" class=\"jet-images-layout__image-instance\" src=\"https:\/\/www.hautarzt-markovic.de\/wp-content\/uploads\/2026\/04\/Rezeption-IhrHautarzt-162.jpg\" data-width=\"1200\" data-height=\"800\" alt=\"Rezeption IhrHautarzt-162\" loading=\"lazy\">\t\t\t<\/div>\n\t\t\t<div class=\"jet-images-layout__content\"><div class=\"jet-images-layout__icon\"><div class=\"jet-images-layout-icon-inner\"><svg aria-hidden=\"true\" class=\"e-font-icon-svg e-fas-search\" viewBox=\"0 0 512 512\" xmlns=\"http:\/\/www.w3.org\/2000\/svg\"><path d=\"M505 442.7L405.3 343c-4.5-4.5-10.6-7-17-7H372c27.6-35.3 44-79.7 44-128C416 93.1 322.9 0 208 0S0 93.1 0 208s93.1 208 208 208c48.3 0 92.7-16.4 128-44v16.3c0 6.4 2.5 12.5 7 17l99.7 99.7c9.4 9.4 24.6 9.4 33.9 0l28.3-28.3c9.4-9.4 9.4-24.6.1-34zM208 336c-70.7 0-128-57.2-128-128 0-70.7 57.2-128 128-128 70.7 0 128 57.2 128 128 0 70.7-57.2 128-128 128z\"><\/path><\/svg><\/div><\/div><\/div>\n\t\t<\/a>\n\t<\/div>\n<\/div>\n<div class=\"jet-images-layout__item \">\n\t<div class=\"jet-images-layout__inner\">\n\t\t<div class=\"jet-images-layout__image-loader\"><span><\/span><\/div>\n\t\t<a class=\"jet-images-layout__link \" href=\"https:\/\/www.hautarzt-markovic.de\/wp-content\/uploads\/2026\/04\/Rezeption-IhrHautarzt-148.jpg\" data-elementor-open-lightbox=\"yes\" data-elementor-lightbox-slideshow=\"9726dc8\" data-elementor-lightbox-title=\"\" data-elementor-lightbox-description=\"\">\n\t\t\t<div class=\"jet-images-layout__image\">\n\t\t\t\t<img decoding=\"async\" class=\"jet-images-layout__image-instance\" src=\"https:\/\/www.hautarzt-markovic.de\/wp-content\/uploads\/2026\/04\/Rezeption-IhrHautarzt-148.jpg\" data-width=\"1200\" data-height=\"800\" alt=\"Rezeption IhrHautarzt-148\" loading=\"lazy\">\t\t\t<\/div>\n\t\t\t<div class=\"jet-images-layout__content\"><div class=\"jet-images-layout__icon\"><div class=\"jet-images-layout-icon-inner\"><svg aria-hidden=\"true\" class=\"e-font-icon-svg e-fas-search\" viewBox=\"0 0 512 512\" xmlns=\"http:\/\/www.w3.org\/2000\/svg\"><path d=\"M505 442.7L405.3 343c-4.5-4.5-10.6-7-17-7H372c27.6-35.3 44-79.7 44-128C416 93.1 322.9 0 208 0S0 93.1 0 208s93.1 208 208 208c48.3 0 92.7-16.4 128-44v16.3c0 6.4 2.5 12.5 7 17l99.7 99.7c9.4 9.4 24.6 9.4 33.9 0l28.3-28.3c9.4-9.4 9.4-24.6.1-34zM208 336c-70.7 0-128-57.2-128-128 0-70.7 57.2-128 128-128 70.7 0 128 57.2 128 128 0 70.7-57.2 128-128 128z\"><\/path><\/svg><\/div><\/div><\/div>\n\t\t<\/a>\n\t<\/div>\n<\/div>\n<div class=\"jet-images-layout__item \">\n\t<div class=\"jet-images-layout__inner\">\n\t\t<div class=\"jet-images-layout__image-loader\"><span><\/span><\/div>\n\t\t<a class=\"jet-images-layout__link \" href=\"https:\/\/www.hautarzt-markovic.de\/wp-content\/uploads\/2026\/04\/Rezeption-IhrHautarzt-122.jpg\" data-elementor-open-lightbox=\"yes\" data-elementor-lightbox-slideshow=\"9726dc8\" data-elementor-lightbox-title=\"\" data-elementor-lightbox-description=\"\">\n\t\t\t<div class=\"jet-images-layout__image\">\n\t\t\t\t<img decoding=\"async\" class=\"jet-images-layout__image-instance\" src=\"https:\/\/www.hautarzt-markovic.de\/wp-content\/uploads\/2026\/04\/Rezeption-IhrHautarzt-122.jpg\" data-width=\"1200\" data-height=\"800\" alt=\"Rezeption IhrHautarzt-122\" loading=\"lazy\">\t\t\t<\/div>\n\t\t\t<div class=\"jet-images-layout__content\"><div class=\"jet-images-layout__icon\"><div class=\"jet-images-layout-icon-inner\"><svg aria-hidden=\"true\" class=\"e-font-icon-svg e-fas-search\" viewBox=\"0 0 512 512\" xmlns=\"http:\/\/www.w3.org\/2000\/svg\"><path d=\"M505 442.7L405.3 343c-4.5-4.5-10.6-7-17-7H372c27.6-35.3 44-79.7 44-128C416 93.1 322.9 0 208 0S0 93.1 0 208s93.1 208 208 208c48.3 0 92.7-16.4 128-44v16.3c0 6.4 2.5 12.5 7 17l99.7 99.7c9.4 9.4 24.6 9.4 33.9 0l28.3-28.3c9.4-9.4 9.4-24.6.1-34zM208 336c-70.7 0-128-57.2-128-128 0-70.7 57.2-128 128-128 70.7 0 128 57.2 128 128 0 70.7-57.2 128-128 128z\"><\/path><\/svg><\/div><\/div><\/div>\n\t\t<\/a>\n\t<\/div>\n<\/div>\n<div class=\"jet-images-layout__item \">\n\t<div class=\"jet-images-layout__inner\">\n\t\t<div class=\"jet-images-layout__image-loader\"><span><\/span><\/div>\n\t\t<a class=\"jet-images-layout__link \" href=\"https:\/\/www.hautarzt-markovic.de\/wp-content\/uploads\/2026\/04\/Rezeption-IhrHautarzt-159.jpg\" data-elementor-open-lightbox=\"yes\" data-elementor-lightbox-slideshow=\"9726dc8\" data-elementor-lightbox-title=\"\" data-elementor-lightbox-description=\"\">\n\t\t\t<div class=\"jet-images-layout__image\">\n\t\t\t\t<img decoding=\"async\" class=\"jet-images-layout__image-instance\" src=\"https:\/\/www.hautarzt-markovic.de\/wp-content\/uploads\/2026\/04\/Rezeption-IhrHautarzt-159.jpg\" data-width=\"1200\" data-height=\"800\" alt=\"Rezeption IhrHautarzt-159\" loading=\"lazy\">\t\t\t<\/div>\n\t\t\t<div class=\"jet-images-layout__content\"><div class=\"jet-images-layout__icon\"><div class=\"jet-images-layout-icon-inner\"><svg aria-hidden=\"true\" class=\"e-font-icon-svg e-fas-search\" viewBox=\"0 0 512 512\" xmlns=\"http:\/\/www.w3.org\/2000\/svg\"><path d=\"M505 442.7L405.3 343c-4.5-4.5-10.6-7-17-7H372c27.6-35.3 44-79.7 44-128C416 93.1 322.9 0 208 0S0 93.1 0 208s93.1 208 208 208c48.3 0 92.7-16.4 128-44v16.3c0 6.4 2.5 12.5 7 17l99.7 99.7c9.4 9.4 24.6 9.4 33.9 0l28.3-28.3c9.4-9.4 9.4-24.6.1-34zM208 336c-70.7 0-128-57.2-128-128 0-70.7 57.2-128 128-128 70.7 0 128 57.2 128 128 0 70.7-57.2 128-128 128z\"><\/path><\/svg><\/div><\/div><\/div>\n\t\t<\/a>\n\t<\/div>\n<\/div>\n<\/div><\/div>\n<\/div>\t\t\t\t<\/div>\n\t\t\t\t<\/div>\n\t\t\t\t<div class=\"elementor-element elementor-element-7429cef elementor-widget elementor-widget-heading\" data-id=\"7429cef\" data-element_type=\"widget\" data-e-type=\"widget\" data-widget_type=\"heading.default\">\n\t\t\t\t<div class=\"elementor-widget-container\">\n\t\t\t\t\t<h2 class=\"elementor-heading-title elementor-size-default\">\u010dekaonica<\/h2>\t\t\t\t<\/div>\n\t\t\t\t<\/div>\n\t\t\t\t<div class=\"elementor-element elementor-element-43302f3 elementor-widget elementor-widget-jet-images-layout\" data-id=\"43302f3\" data-element_type=\"widget\" data-e-type=\"widget\" data-widget_type=\"jet-images-layout.default\">\n\t\t\t\t<div class=\"elementor-widget-container\">\n\t\t\t\t\t<div class=\"elementor-jet-images-layout jet-elements\">\n<div class=\"jet-images-layout layout-type-justify\" data-settings='{&quot;layoutType&quot;:&quot;justify&quot;,&quot;justifyHeight&quot;:300}'>\n\t<div class=\"jet-images-layout__list column-desktop-3 column-tablet-2 column-mobile-1\" >\n<div class=\"jet-images-layout__item \">\n\t<div class=\"jet-images-layout__inner\">\n\t\t<div class=\"jet-images-layout__image-loader\"><span><\/span><\/div>\n\t\t<a class=\"jet-images-layout__link \" href=\"https:\/\/www.hautarzt-markovic.de\/wp-content\/uploads\/2026\/04\/Wartezimmer-IhrHautarzt-086.jpg\" data-elementor-open-lightbox=\"yes\" data-elementor-lightbox-slideshow=\"43302f3\" data-elementor-lightbox-title=\"\" data-elementor-lightbox-description=\"\">\n\t\t\t<div class=\"jet-images-layout__image\">\n\t\t\t\t<img decoding=\"async\" class=\"jet-images-layout__image-instance\" src=\"https:\/\/www.hautarzt-markovic.de\/wp-content\/uploads\/2026\/04\/Wartezimmer-IhrHautarzt-086.jpg\" data-width=\"1200\" data-height=\"800\" alt=\"Wartezimmer\" loading=\"lazy\">\t\t\t<\/div>\n\t\t\t<div class=\"jet-images-layout__content\"><div class=\"jet-images-layout__icon\"><div class=\"jet-images-layout-icon-inner\"><svg aria-hidden=\"true\" class=\"e-font-icon-svg e-fas-search\" viewBox=\"0 0 512 512\" xmlns=\"http:\/\/www.w3.org\/2000\/svg\"><path d=\"M505 442.7L405.3 343c-4.5-4.5-10.6-7-17-7H372c27.6-35.3 44-79.7 44-128C416 93.1 322.9 0 208 0S0 93.1 0 208s93.1 208 208 208c48.3 0 92.7-16.4 128-44v16.3c0 6.4 2.5 12.5 7 17l99.7 99.7c9.4 9.4 24.6 9.4 33.9 0l28.3-28.3c9.4-9.4 9.4-24.6.1-34zM208 336c-70.7 0-128-57.2-128-128 0-70.7 57.2-128 128-128 70.7 0 128 57.2 128 128 0 70.7-57.2 128-128 128z\"><\/path><\/svg><\/div><\/div><\/div>\n\t\t<\/a>\n\t<\/div>\n<\/div>\n<div class=\"jet-images-layout__item \">\n\t<div class=\"jet-images-layout__inner\">\n\t\t<div class=\"jet-images-layout__image-loader\"><span><\/span><\/div>\n\t\t<a class=\"jet-images-layout__link \" href=\"https:\/\/www.hautarzt-markovic.de\/wp-content\/uploads\/2026\/04\/Warteraum-IhrHautarzt-096.jpg\" data-elementor-open-lightbox=\"yes\" data-elementor-lightbox-slideshow=\"43302f3\" data-elementor-lightbox-title=\"\" data-elementor-lightbox-description=\"\">\n\t\t\t<div class=\"jet-images-layout__image\">\n\t\t\t\t<img decoding=\"async\" class=\"jet-images-layout__image-instance\" src=\"https:\/\/www.hautarzt-markovic.de\/wp-content\/uploads\/2026\/04\/Warteraum-IhrHautarzt-096.jpg\" data-width=\"1200\" data-height=\"800\" alt=\"Warteraum\" loading=\"lazy\">\t\t\t<\/div>\n\t\t\t<div class=\"jet-images-layout__content\"><div class=\"jet-images-layout__icon\"><div class=\"jet-images-layout-icon-inner\"><svg aria-hidden=\"true\" class=\"e-font-icon-svg e-fas-search\" viewBox=\"0 0 512 512\" xmlns=\"http:\/\/www.w3.org\/2000\/svg\"><path d=\"M505 442.7L405.3 343c-4.5-4.5-10.6-7-17-7H372c27.6-35.3 44-79.7 44-128C416 93.1 322.9 0 208 0S0 93.1 0 208s93.1 208 208 208c48.3 0 92.7-16.4 128-44v16.3c0 6.4 2.5 12.5 7 17l99.7 99.7c9.4 9.4 24.6 9.4 33.9 0l28.3-28.3c9.4-9.4 9.4-24.6.1-34zM208 336c-70.7 0-128-57.2-128-128 0-70.7 57.2-128 128-128 70.7 0 128 57.2 128 128 0 70.7-57.2 128-128 128z\"><\/path><\/svg><\/div><\/div><\/div>\n\t\t<\/a>\n\t<\/div>\n<\/div>\n<\/div><\/div>\n<\/div>\t\t\t\t<\/div>\n\t\t\t\t<\/div>\n\t\t\t\t<div class=\"elementor-element elementor-element-cb57677 elementor-widget elementor-widget-heading\" data-id=\"cb57677\" data-element_type=\"widget\" data-e-type=\"widget\" data-widget_type=\"heading.default\">\n\t\t\t\t<div class=\"elementor-widget-container\">\n\t\t\t\t\t<h2 class=\"elementor-heading-title elementor-size-default\">Sobe za konzultacije i sobe za tretmane<\/h2>\t\t\t\t<\/div>\n\t\t\t\t<\/div>\n\t\t\t\t<div class=\"elementor-element elementor-element-06aa403 elementor-widget elementor-widget-jet-images-layout\" data-id=\"06aa403\" data-element_type=\"widget\" data-e-type=\"widget\" data-widget_type=\"jet-images-layout.default\">\n\t\t\t\t<div class=\"elementor-widget-container\">\n\t\t\t\t\t<div class=\"elementor-jet-images-layout jet-elements\">\n<div class=\"jet-images-layout layout-type-justify\" data-settings='{&quot;layoutType&quot;:&quot;justify&quot;,&quot;justifyHeight&quot;:300}'>\n\t<div class=\"jet-images-layout__list column-desktop-3 column-tablet-2 column-mobile-1\" >\n<div class=\"jet-images-layout__item \">\n\t<div class=\"jet-images-layout__inner\">\n\t\t<div class=\"jet-images-layout__image-loader\"><span><\/span><\/div>\n\t\t<a class=\"jet-images-layout__link \" href=\"https:\/\/www.hautarzt-markovic.de\/wp-content\/uploads\/2026\/04\/Behandlungsraum-Markovic-Frankfurt-IhrHautarzt-137.jpg\" data-elementor-open-lightbox=\"yes\" data-elementor-lightbox-slideshow=\"06aa403\" data-elementor-lightbox-title=\"\" data-elementor-lightbox-description=\"\">\n\t\t\t<div class=\"jet-images-layout__image\">\n\t\t\t\t<img decoding=\"async\" class=\"jet-images-layout__image-instance\" src=\"https:\/\/www.hautarzt-markovic.de\/wp-content\/uploads\/2026\/04\/Behandlungsraum-Markovic-Frankfurt-IhrHautarzt-137.jpg\" data-width=\"1200\" data-height=\"800\" alt=\"Behandlungsraum Markovic Frankfurt Ihr Hautarzt &amp; Kollegen\" loading=\"lazy\">\t\t\t<\/div>\n\t\t\t<div class=\"jet-images-layout__content\"><div class=\"jet-images-layout__icon\"><div class=\"jet-images-layout-icon-inner\"><svg aria-hidden=\"true\" class=\"e-font-icon-svg e-fas-search\" viewBox=\"0 0 512 512\" xmlns=\"http:\/\/www.w3.org\/2000\/svg\"><path d=\"M505 442.7L405.3 343c-4.5-4.5-10.6-7-17-7H372c27.6-35.3 44-79.7 44-128C416 93.1 322.9 0 208 0S0 93.1 0 208s93.1 208 208 208c48.3 0 92.7-16.4 128-44v16.3c0 6.4 2.5 12.5 7 17l99.7 99.7c9.4 9.4 24.6 9.4 33.9 0l28.3-28.3c9.4-9.4 9.4-24.6.1-34zM208 336c-70.7 0-128-57.2-128-128 0-70.7 57.2-128 128-128 70.7 0 128 57.2 128 128 0 70.7-57.2 128-128 128z\"><\/path><\/svg><\/div><\/div><\/div>\n\t\t<\/a>\n\t<\/div>\n<\/div>\n<div class=\"jet-images-layout__item \">\n\t<div class=\"jet-images-layout__inner\">\n\t\t<div class=\"jet-images-layout__image-loader\"><span><\/span><\/div>\n\t\t<a class=\"jet-images-layout__link \" href=\"https:\/\/www.hautarzt-markovic.de\/wp-content\/uploads\/2026\/04\/Behandlungsraum-Markovic-Frankfurt-IhrHautarzt-062.jpg\" data-elementor-open-lightbox=\"yes\" data-elementor-lightbox-slideshow=\"06aa403\" data-elementor-lightbox-title=\"\" data-elementor-lightbox-description=\"\">\n\t\t\t<div class=\"jet-images-layout__image\">\n\t\t\t\t<img decoding=\"async\" class=\"jet-images-layout__image-instance\" src=\"https:\/\/www.hautarzt-markovic.de\/wp-content\/uploads\/2026\/04\/Behandlungsraum-Markovic-Frankfurt-IhrHautarzt-062.jpg\" data-width=\"1200\" data-height=\"800\" alt=\"Behandlungsraum 4\" loading=\"lazy\">\t\t\t<\/div>\n\t\t\t<div class=\"jet-images-layout__content\"><div class=\"jet-images-layout__icon\"><div class=\"jet-images-layout-icon-inner\"><svg aria-hidden=\"true\" class=\"e-font-icon-svg e-fas-search\" viewBox=\"0 0 512 512\" xmlns=\"http:\/\/www.w3.org\/2000\/svg\"><path d=\"M505 442.7L405.3 343c-4.5-4.5-10.6-7-17-7H372c27.6-35.3 44-79.7 44-128C416 93.1 322.9 0 208 0S0 93.1 0 208s93.1 208 208 208c48.3 0 92.7-16.4 128-44v16.3c0 6.4 2.5 12.5 7 17l99.7 99.7c9.4 9.4 24.6 9.4 33.9 0l28.3-28.3c9.4-9.4 9.4-24.6.1-34zM208 336c-70.7 0-128-57.2-128-128 0-70.7 57.2-128 128-128 70.7 0 128 57.2 128 128 0 70.7-57.2 128-128 128z\"><\/path><\/svg><\/div><\/div><\/div>\n\t\t<\/a>\n\t<\/div>\n<\/div>\n<div class=\"jet-images-layout__item \">\n\t<div class=\"jet-images-layout__inner\">\n\t\t<div class=\"jet-images-layout__image-loader\"><span><\/span><\/div>\n\t\t<a class=\"jet-images-layout__link \" href=\"https:\/\/www.hautarzt-markovic.de\/wp-content\/uploads\/2026\/04\/IhrHautarzt-833.jpg\" data-elementor-open-lightbox=\"yes\" data-elementor-lightbox-slideshow=\"06aa403\" data-elementor-lightbox-title=\"\" data-elementor-lightbox-description=\"\">\n\t\t\t<div class=\"jet-images-layout__image\">\n\t\t\t\t<img decoding=\"async\" class=\"jet-images-layout__image-instance\" src=\"https:\/\/www.hautarzt-markovic.de\/wp-content\/uploads\/2026\/04\/IhrHautarzt-833.jpg\" data-width=\"1200\" data-height=\"800\" alt=\"IhrHautarzt-833\" loading=\"lazy\">\t\t\t<\/div>\n\t\t\t<div class=\"jet-images-layout__content\"><\/div>\n\t\t<\/a>\n\t<\/div>\n<\/div>\n<div class=\"jet-images-layout__item \">\n\t<div class=\"jet-images-layout__inner\">\n\t\t<div class=\"jet-images-layout__image-loader\"><span><\/span><\/div>\n\t\t<a class=\"jet-images-layout__link \" href=\"https:\/\/www.hautarzt-markovic.de\/wp-content\/uploads\/2026\/04\/Behandlungsraum-Markovic-Frankfurt-IhrHautarzt-032.jpg\" data-elementor-open-lightbox=\"yes\" data-elementor-lightbox-slideshow=\"06aa403\" data-elementor-lightbox-title=\"\" data-elementor-lightbox-description=\"\">\n\t\t\t<div class=\"jet-images-layout__image\">\n\t\t\t\t<img decoding=\"async\" class=\"jet-images-layout__image-instance\" src=\"https:\/\/www.hautarzt-markovic.de\/wp-content\/uploads\/2026\/04\/Behandlungsraum-Markovic-Frankfurt-IhrHautarzt-032.jpg\" data-width=\"1200\" data-height=\"800\" alt=\"Behandlungsraum Markovic Frankfurt IhrHautarzt-032\" loading=\"lazy\">\t\t\t<\/div>\n\t\t\t<div class=\"jet-images-layout__content\"><div class=\"jet-images-layout__icon\"><div class=\"jet-images-layout-icon-inner\"><svg aria-hidden=\"true\" class=\"e-font-icon-svg e-fas-search\" viewBox=\"0 0 512 512\" xmlns=\"http:\/\/www.w3.org\/2000\/svg\"><path d=\"M505 442.7L405.3 343c-4.5-4.5-10.6-7-17-7H372c27.6-35.3 44-79.7 44-128C416 93.1 322.9 0 208 0S0 93.1 0 208s93.1 208 208 208c48.3 0 92.7-16.4 128-44v16.3c0 6.4 2.5 12.5 7 17l99.7 99.7c9.4 9.4 24.6 9.4 33.9 0l28.3-28.3c9.4-9.4 9.4-24.6.1-34zM208 336c-70.7 0-128-57.2-128-128 0-70.7 57.2-128 128-128 70.7 0 128 57.2 128 128 0 70.7-57.2 128-128 128z\"><\/path><\/svg><\/div><\/div><\/div>\n\t\t<\/a>\n\t<\/div>\n<\/div>\n<div class=\"jet-images-layout__item \">\n\t<div class=\"jet-images-layout__inner\">\n\t\t<div class=\"jet-images-layout__image-loader\"><span><\/span><\/div>\n\t\t<a class=\"jet-images-layout__link \" href=\"https:\/\/www.hautarzt-markovic.de\/wp-content\/uploads\/2026\/04\/Behandlungsraum-Markovic-Frankfurt-IhrHautarzt-019.jpg\" data-elementor-open-lightbox=\"yes\" data-elementor-lightbox-slideshow=\"06aa403\" data-elementor-lightbox-title=\"\" data-elementor-lightbox-description=\"\">\n\t\t\t<div class=\"jet-images-layout__image\">\n\t\t\t\t<img decoding=\"async\" class=\"jet-images-layout__image-instance\" src=\"https:\/\/www.hautarzt-markovic.de\/wp-content\/uploads\/2026\/04\/Behandlungsraum-Markovic-Frankfurt-IhrHautarzt-019.jpg\" data-width=\"1200\" data-height=\"800\" alt=\"Behandlungsraum 5\" loading=\"lazy\">\t\t\t<\/div>\n\t\t\t<div class=\"jet-images-layout__content\"><div class=\"jet-images-layout__icon\"><div class=\"jet-images-layout-icon-inner\"><svg aria-hidden=\"true\" class=\"e-font-icon-svg e-fas-search\" viewBox=\"0 0 512 512\" xmlns=\"http:\/\/www.w3.org\/2000\/svg\"><path d=\"M505 442.7L405.3 343c-4.5-4.5-10.6-7-17-7H372c27.6-35.3 44-79.7 44-128C416 93.1 322.9 0 208 0S0 93.1 0 208s93.1 208 208 208c48.3 0 92.7-16.4 128-44v16.3c0 6.4 2.5 12.5 7 17l99.7 99.7c9.4 9.4 24.6 9.4 33.9 0l28.3-28.3c9.4-9.4 9.4-24.6.1-34zM208 336c-70.7 0-128-57.2-128-128 0-70.7 57.2-128 128-128 70.7 0 128 57.2 128 128 0 70.7-57.2 128-128 128z\"><\/path><\/svg><\/div><\/div><\/div>\n\t\t<\/a>\n\t<\/div>\n<\/div>\n<div class=\"jet-images-layout__item \">\n\t<div class=\"jet-images-layout__inner\">\n\t\t<div class=\"jet-images-layout__image-loader\"><span><\/span><\/div>\n\t\t<a class=\"jet-images-layout__link \" href=\"https:\/\/www.hautarzt-markovic.de\/wp-content\/uploads\/2026\/04\/Behandlungsraum-Markovic-Frankfurt-IhrHautarzt-047.jpg\" data-elementor-open-lightbox=\"yes\" data-elementor-lightbox-slideshow=\"06aa403\" data-elementor-lightbox-title=\"\" data-elementor-lightbox-description=\"\">\n\t\t\t<div class=\"jet-images-layout__image\">\n\t\t\t\t<img decoding=\"async\" class=\"jet-images-layout__image-instance\" src=\"https:\/\/www.hautarzt-markovic.de\/wp-content\/uploads\/2026\/04\/Behandlungsraum-Markovic-Frankfurt-IhrHautarzt-047.jpg\" data-width=\"1200\" data-height=\"800\" alt=\"Behandlungsraum 2\" loading=\"lazy\">\t\t\t<\/div>\n\t\t\t<div class=\"jet-images-layout__content\"><div class=\"jet-images-layout__icon\"><div class=\"jet-images-layout-icon-inner\"><svg aria-hidden=\"true\" class=\"e-font-icon-svg e-fas-search\" viewBox=\"0 0 512 512\" xmlns=\"http:\/\/www.w3.org\/2000\/svg\"><path d=\"M505 442.7L405.3 343c-4.5-4.5-10.6-7-17-7H372c27.6-35.3 44-79.7 44-128C416 93.1 322.9 0 208 0S0 93.1 0 208s93.1 208 208 208c48.3 0 92.7-16.4 128-44v16.3c0 6.4 2.5 12.5 7 17l99.7 99.7c9.4 9.4 24.6 9.4 33.9 0l28.3-28.3c9.4-9.4 9.4-24.6.1-34zM208 336c-70.7 0-128-57.2-128-128 0-70.7 57.2-128 128-128 70.7 0 128 57.2 128 128 0 70.7-57.2 128-128 128z\"><\/path><\/svg><\/div><\/div><\/div>\n\t\t<\/a>\n\t<\/div>\n<\/div>\n<\/div><\/div>\n<\/div>\t\t\t\t<\/div>\n\t\t\t\t<\/div>\n\t\t\t\t<div class=\"elementor-element elementor-element-7cc08af elementor-widget elementor-widget-heading\" data-id=\"7cc08af\" data-element_type=\"widget\" data-e-type=\"widget\" data-widget_type=\"heading.default\">\n\t\t\t\t<div class=\"elementor-widget-container\">\n\t\t\t\t\t<h2 class=\"elementor-heading-title elementor-size-default\">Lokacija i okolina<\/h2>\t\t\t\t<\/div>\n\t\t\t\t<\/div>\n\t\t\t\t<div class=\"elementor-element elementor-element-d1cbc35 elementor-widget elementor-widget-jet-images-layout\" data-id=\"d1cbc35\" data-element_type=\"widget\" data-e-type=\"widget\" data-widget_type=\"jet-images-layout.default\">\n\t\t\t\t<div class=\"elementor-widget-container\">\n\t\t\t\t\t<div class=\"elementor-jet-images-layout jet-elements\">\n<div class=\"jet-images-layout layout-type-justify\" data-settings='{&quot;layoutType&quot;:&quot;justify&quot;,&quot;justifyHeight&quot;:300}'>\n\t<div class=\"jet-images-layout__list column-desktop-3 column-tablet-2 column-mobile-1\" >\n<div class=\"jet-images-layout__item \">\n\t<div class=\"jet-images-layout__inner\">\n\t\t<div class=\"jet-images-layout__image-loader\"><span><\/span><\/div>\n\t\t<a class=\"jet-images-layout__link \" href=\"https:\/\/www.hautarzt-markovic.de\/wp-content\/uploads\/2026\/04\/SK2_1854.jpg\" data-elementor-open-lightbox=\"yes\" data-elementor-lightbox-slideshow=\"d1cbc35\" data-elementor-lightbox-title=\"\" data-elementor-lightbox-description=\"\">\n\t\t\t<div class=\"jet-images-layout__image\">\n\t\t\t\t<img decoding=\"async\" class=\"jet-images-layout__image-instance\" src=\"https:\/\/www.hautarzt-markovic.de\/wp-content\/uploads\/2026\/04\/SK2_1854.jpg\" data-width=\"1200\" data-height=\"800\" alt=\"SK2_1854\" loading=\"lazy\">\t\t\t<\/div>\n\t\t\t<div class=\"jet-images-layout__content\"><div class=\"jet-images-layout__icon\"><div class=\"jet-images-layout-icon-inner\"><svg aria-hidden=\"true\" class=\"e-font-icon-svg e-fas-search\" viewBox=\"0 0 512 512\" xmlns=\"http:\/\/www.w3.org\/2000\/svg\"><path d=\"M505 442.7L405.3 343c-4.5-4.5-10.6-7-17-7H372c27.6-35.3 44-79.7 44-128C416 93.1 322.9 0 208 0S0 93.1 0 208s93.1 208 208 208c48.3 0 92.7-16.4 128-44v16.3c0 6.4 2.5 12.5 7 17l99.7 99.7c9.4 9.4 24.6 9.4 33.9 0l28.3-28.3c9.4-9.4 9.4-24.6.1-34zM208 336c-70.7 0-128-57.2-128-128 0-70.7 57.2-128 128-128 70.7 0 128 57.2 128 128 0 70.7-57.2 128-128 128z\"><\/path><\/svg><\/div><\/div><\/div>\n\t\t<\/a>\n\t<\/div>\n<\/div>\n<\/div><\/div>\n<\/div>\t\t\t\t<\/div>\n\t\t\t\t<\/div>\n\t\t\t\t\t<\/div>\n\t\t\t\t<\/div>\n\t\t\t\t<\/div>\n\t\t","protected":false},"excerpt":{"rendered":"<p>Na\u0161e sobe za vje\u017ebanje Opu\u0161tena atmosfera prvi je korak prema uspje\u0161nom lije\u010denju. Na ovoj stranici pozivamo vas na kratki virtualni obilazak na\u0161e ordinacije. Veselimo se \u0161to \u0107emo vas uskoro osobno ugostiti u na\u0161oj ordinaciji. recepcija \u010dekaonica Sobe za konzultacije i sobe za tretmane Lokacija i okolina<\/p>\n","protected":false},"author":3,"featured_media":0,"parent":0,"menu_order":0,"comment_status":"closed","ping_status":"closed","template":"","meta":{"footnotes":""},"class_list":["post-16080","page","type-page","status-publish","hentry"],"_links":{"self":[{"href":"https:\/\/www.hautarzt-markovic.de\/hr\/wp-json\/wp\/v2\/pages\/16080","targetHints":{"allow":["GET"]}}],"collection":[{"href":"https:\/\/www.hautarzt-markovic.de\/hr\/wp-json\/wp\/v2\/pages"}],"about":[{"href":"https:\/\/www.hautarzt-markovic.de\/hr\/wp-json\/wp\/v2\/types\/page"}],"author":[{"embeddable":true,"href":"https:\/\/www.hautarzt-markovic.de\/hr\/wp-json\/wp\/v2\/users\/3"}],"replies":[{"embeddable":true,"href":"https:\/\/www.hautarzt-markovic.de\/hr\/wp-json\/wp\/v2\/comments?post=16080"}],"version-history":[{"count":2,"href":"https:\/\/www.hautarzt-markovic.de\/hr\/wp-json\/wp\/v2\/pages\/16080\/revisions"}],"predecessor-version":[{"id":25287,"href":"https:\/\/www.hautarzt-markovic.de\/hr\/wp-json\/wp\/v2\/pages\/16080\/revisions\/25287"}],"wp:attachment":[{"href":"https:\/\/www.hautarzt-markovic.de\/hr\/wp-json\/wp\/v2\/media?parent=16080"}],"curies":[{"name":"wp","href":"https:\/\/api.w.org\/{rel}","templated":true}]}}