{"id":16156,"date":"2023-05-25T21:22:44","date_gmt":"2023-05-25T19:22:44","guid":{"rendered":"https:\/\/hautarzt-markovic.fuelmedia.de\/nas-tim\/"},"modified":"2026-04-15T10:53:08","modified_gmt":"2026-04-15T08:53:08","slug":"nas-tim","status":"publish","type":"page","link":"https:\/\/www.hautarzt-markovic.de\/hr\/nas-tim\/","title":{"rendered":"Na\u0161 tim"},"content":{"rendered":"\t\t<div data-elementor-type=\"wp-page\" data-elementor-id=\"16156\" class=\"elementor elementor-16156 elementor-7776\" data-elementor-post-type=\"page\">\n\t\t\t\t<div class=\"elementor-element elementor-element-bb1343d e-grid e-con-boxed e-con e-parent\" data-id=\"bb1343d\" data-element_type=\"container\" data-e-type=\"container\" data-settings=\"{&quot;jet_parallax_layout_list&quot;:[]}\">\n\t\t\t\t\t<div class=\"e-con-inner\">\n\t\t<div class=\"elementor-element elementor-element-f3e91f9 e-con-full e-flex e-con e-child\" data-id=\"f3e91f9\" data-element_type=\"container\" data-e-type=\"container\" data-settings=\"{&quot;background_background&quot;:&quot;classic&quot;,&quot;jet_parallax_layout_list&quot;:[]}\">\n\t\t\t\t<div class=\"elementor-element elementor-element-e718c49 elementor-widget elementor-widget-heading\" data-id=\"e718c49\" data-element_type=\"widget\" data-e-type=\"widget\" data-widget_type=\"heading.default\">\n\t\t\t\t<div class=\"elementor-widget-container\">\n\t\t\t\t\t<h1 class=\"elementor-heading-title elementor-size-default\">Na\u0161 tim<\/h1>\t\t\t\t<\/div>\n\t\t\t\t<\/div>\n\t\t\t\t<div class=\"elementor-element elementor-element-f8abba0 elementor-widget elementor-widget-text-editor\" data-id=\"f8abba0\" data-element_type=\"widget\" data-e-type=\"widget\" data-widget_type=\"text-editor.default\">\n\t\t\t\t<div class=\"elementor-widget-container\">\n\t\t\t\t\t\t\t\t\t<p data-path-to-node=\"4\">Iza na\u0161e medicinske stru\u010dnosti stoji predani tim koji se brine za vas specijaliziranim znanjem, najsuvremenijom tehnologijom i istinskim suosje\u0107anjem. Bilo da se radi o preventivnoj njezi, klasi\u010dnoj dermatologiji ili estetici \u2013 radimo ruku pod ruku za va\u0161u dobrobit i zdravlje va\u0161e ko\u017ee. <\/p><p data-path-to-node=\"5\">Upoznajte ljude koji \u0107e se osobno pobrinuti za va\u0161e potrebe. Veselimo se va\u0161em javljanju! <\/p>\t\t\t\t\t\t\t\t<\/div>\n\t\t\t\t<\/div>\n\t\t\t\t<\/div>\n\t\t<div class=\"elementor-element elementor-element-1b099fc e-con-full e-flex e-con e-child\" data-id=\"1b099fc\" data-element_type=\"container\" data-e-type=\"container\" data-settings=\"{&quot;jet_parallax_layout_list&quot;:[],&quot;background_background&quot;:&quot;classic&quot;}\">\n\t\t\t\t<\/div>\n\t\t\t\t\t<\/div>\n\t\t\t\t<\/div>\n\t\t<div class=\"elementor-element elementor-element-4cfe2db e-grid e-con-boxed e-con e-parent\" data-id=\"4cfe2db\" data-element_type=\"container\" data-e-type=\"container\" data-settings=\"{&quot;jet_parallax_layout_list&quot;:[]}\">\n\t\t\t\t\t<div class=\"e-con-inner\">\n\t\t<div class=\"elementor-element elementor-element-7703bd9 e-con-full e-flex e-con e-child\" data-id=\"7703bd9\" data-element_type=\"container\" data-e-type=\"container\" data-settings=\"{&quot;background_background&quot;:&quot;classic&quot;,&quot;jet_parallax_layout_list&quot;:[]}\">\n\t\t\t\t<div class=\"elementor-element elementor-element-07fe603 elementor-widget elementor-widget-image\" data-id=\"07fe603\" data-element_type=\"widget\" data-e-type=\"widget\" data-widget_type=\"image.default\">\n\t\t\t\t<div class=\"elementor-widget-container\">\n\t\t\t\t\t\t\t\t\t\t\t\t\t\t\t<img fetchpriority=\"high\" decoding=\"async\" width=\"683\" height=\"1024\" src=\"https:\/\/www.hautarzt-markovic.de\/wp-content\/uploads\/2026\/04\/Dr-Aleksander-Markovic-Frankfurt-Hautarzt-683x1024.jpg\" class=\"attachment-large size-large wp-image-24311\" alt=\"Dr. Aleksandar Markovi\u0107, dermatolog, Frankfurt\" srcset=\"https:\/\/www.hautarzt-markovic.de\/wp-content\/uploads\/2026\/04\/Dr-Aleksander-Markovic-Frankfurt-Hautarzt-683x1024.jpg 683w, https:\/\/www.hautarzt-markovic.de\/wp-content\/uploads\/2026\/04\/Dr-Aleksander-Markovic-Frankfurt-Hautarzt-200x300.jpg 200w, https:\/\/www.hautarzt-markovic.de\/wp-content\/uploads\/2026\/04\/Dr-Aleksander-Markovic-Frankfurt-Hautarzt-768x1152.jpg 768w, https:\/\/www.hautarzt-markovic.de\/wp-content\/uploads\/2026\/04\/Dr-Aleksander-Markovic-Frankfurt-Hautarzt-scaled.jpg 800w\" sizes=\"(max-width: 683px) 100vw, 683px\" \/>\t\t\t\t\t\t\t\t\t\t\t\t\t\t\t<\/div>\n\t\t\t\t<\/div>\n\t\t<div class=\"elementor-element elementor-element-3e2b0b4 e-con-full e-flex e-con e-child\" data-id=\"3e2b0b4\" data-element_type=\"container\" data-e-type=\"container\" data-settings=\"{&quot;jet_parallax_layout_list&quot;:[]}\">\n\t\t\t\t<div class=\"elementor-element elementor-element-7f394a8 elementor-widget elementor-widget-heading\" data-id=\"7f394a8\" data-element_type=\"widget\" data-e-type=\"widget\" data-widget_type=\"heading.default\">\n\t\t\t\t<div class=\"elementor-widget-container\">\n\t\t\t\t\t<h4 class=\"elementor-heading-title elementor-size-default\">dr. med. (SR) Aleksandar Markovi\u0107<br><br> Specijalist dermatologije i hitne medicine<\/h4>\t\t\t\t<\/div>\n\t\t\t\t<\/div>\n\t\t\t\t<\/div>\n\t\t\t\t<\/div>\n\t\t<div class=\"elementor-element elementor-element-76435aa e-con-full e-flex e-con e-child\" data-id=\"76435aa\" data-element_type=\"container\" data-e-type=\"container\" data-settings=\"{&quot;background_background&quot;:&quot;classic&quot;,&quot;jet_parallax_layout_list&quot;:[]}\">\n\t\t\t\t<div class=\"elementor-element elementor-element-156e8cb elementor-widget elementor-widget-image\" data-id=\"156e8cb\" data-element_type=\"widget\" data-e-type=\"widget\" data-widget_type=\"image.default\">\n\t\t\t\t<div class=\"elementor-widget-container\">\n\t\t\t\t\t\t\t\t\t\t\t\t\t\t\t<img decoding=\"async\" width=\"683\" height=\"1024\" src=\"https:\/\/www.hautarzt-markovic.de\/wp-content\/uploads\/2026\/04\/Dr.-Julia-Braun-Dermatologe-Frankfurt-683x1024.jpg\" class=\"attachment-large size-large wp-image-24312\" alt=\"\" srcset=\"https:\/\/www.hautarzt-markovic.de\/wp-content\/uploads\/2026\/04\/Dr.-Julia-Braun-Dermatologe-Frankfurt-683x1024.jpg 683w, https:\/\/www.hautarzt-markovic.de\/wp-content\/uploads\/2026\/04\/Dr.-Julia-Braun-Dermatologe-Frankfurt-200x300.jpg 200w, https:\/\/www.hautarzt-markovic.de\/wp-content\/uploads\/2026\/04\/Dr.-Julia-Braun-Dermatologe-Frankfurt-768x1151.jpg 768w, https:\/\/www.hautarzt-markovic.de\/wp-content\/uploads\/2026\/04\/Dr.-Julia-Braun-Dermatologe-Frankfurt-scaled.jpg 801w, https:\/\/www.hautarzt-markovic.de\/wp-content\/uploads\/2026\/04\/Dr.-Julia-Braun-Dermatologe-Frankfurt-1366x2048.jpg 800w\" sizes=\"(max-width: 683px) 100vw, 683px\" \/>\t\t\t\t\t\t\t\t\t\t\t\t\t\t\t<\/div>\n\t\t\t\t<\/div>\n\t\t<div class=\"elementor-element elementor-element-636b2c0 e-con-full e-flex e-con e-child\" data-id=\"636b2c0\" data-element_type=\"container\" data-e-type=\"container\" data-settings=\"{&quot;jet_parallax_layout_list&quot;:[]}\">\n\t\t\t\t<div class=\"elementor-element elementor-element-09add0f elementor-widget elementor-widget-heading\" data-id=\"09add0f\" data-element_type=\"widget\" data-e-type=\"widget\" data-widget_type=\"heading.default\">\n\t\t\t\t<div class=\"elementor-widget-container\">\n\t\t\t\t\t<h4 class=\"elementor-heading-title elementor-size-default\">Dr. med. Julia Braun<br><br> Specijalist dermatologije i venerologije<\/h4>\t\t\t\t<\/div>\n\t\t\t\t<\/div>\n\t\t\t\t<\/div>\n\t\t\t\t<\/div>\n\t\t<div class=\"elementor-element elementor-element-d1df0b9 e-con-full e-flex e-con e-child\" data-id=\"d1df0b9\" data-element_type=\"container\" data-e-type=\"container\" data-settings=\"{&quot;background_background&quot;:&quot;classic&quot;,&quot;jet_parallax_layout_list&quot;:[]}\">\n\t\t\t\t<\/div>\n\t\t<div class=\"elementor-element elementor-element-8d7509d e-con-full e-flex e-con e-child\" data-id=\"8d7509d\" data-element_type=\"container\" data-e-type=\"container\" data-settings=\"{&quot;background_background&quot;:&quot;classic&quot;,&quot;jet_parallax_layout_list&quot;:[]}\">\n\t\t<div class=\"elementor-element elementor-element-f176d40 e-con-full e-flex e-con e-child\" data-id=\"f176d40\" data-element_type=\"container\" data-e-type=\"container\" data-settings=\"{&quot;background_background&quot;:&quot;classic&quot;,&quot;jet_parallax_layout_list&quot;:[]}\">\n\t\t\t\t<div class=\"elementor-element elementor-element-5c2b6a4 elementor-widget elementor-widget-image\" data-id=\"5c2b6a4\" data-element_type=\"widget\" data-e-type=\"widget\" data-widget_type=\"image.default\">\n\t\t\t\t<div class=\"elementor-widget-container\">\n\t\t\t\t\t\t\t\t\t\t\t\t\t\t\t<img decoding=\"async\" width=\"683\" height=\"1024\" src=\"https:\/\/www.hautarzt-markovic.de\/wp-content\/uploads\/2026\/04\/Zsanett-Ladi--683x1024.jpg\" class=\"attachment-large size-large wp-image-25274\" alt=\"Zsanett Ladi\" srcset=\"https:\/\/www.hautarzt-markovic.de\/wp-content\/uploads\/2026\/04\/Zsanett-Ladi--683x1024.jpg 683w, https:\/\/www.hautarzt-markovic.de\/wp-content\/uploads\/2026\/04\/Zsanett-Ladi--200x300.jpg 200w, https:\/\/www.hautarzt-markovic.de\/wp-content\/uploads\/2026\/04\/Zsanett-Ladi--768x1152.jpg 768w, https:\/\/www.hautarzt-markovic.de\/wp-content\/uploads\/2026\/04\/Zsanett-Ladi--scaled.jpg 800w\" sizes=\"(max-width: 683px) 100vw, 683px\" \/>\t\t\t\t\t\t\t\t\t\t\t\t\t\t\t<\/div>\n\t\t\t\t<\/div>\n\t\t<div class=\"elementor-element elementor-element-1e93485 e-con-full e-flex e-con e-child\" data-id=\"1e93485\" data-element_type=\"container\" data-e-type=\"container\" data-settings=\"{&quot;jet_parallax_layout_list&quot;:[]}\">\n\t\t\t\t<div class=\"elementor-element elementor-element-4a0a842 elementor-widget elementor-widget-heading\" data-id=\"4a0a842\" data-element_type=\"widget\" data-e-type=\"widget\" data-widget_type=\"heading.default\">\n\t\t\t\t<div class=\"elementor-widget-container\">\n\t\t\t\t\t<h4 class=\"elementor-heading-title elementor-size-default\">Zsanett Ladi<br><br> Specijalist za njegu ko\u017ee, Specijalist za njegu stopala i noktiju<\/h4>\t\t\t\t<\/div>\n\t\t\t\t<\/div>\n\t\t\t\t<\/div>\n\t\t\t\t<\/div>\n\t\t\t\t<\/div>\n\t\t<div class=\"elementor-element elementor-element-60a8f2e e-con-full e-flex e-con e-child\" data-id=\"60a8f2e\" data-element_type=\"container\" data-e-type=\"container\" data-settings=\"{&quot;background_background&quot;:&quot;classic&quot;,&quot;jet_parallax_layout_list&quot;:[]}\">\n\t\t<div class=\"elementor-element elementor-element-9ff18d7 e-con-full e-flex e-con e-child\" data-id=\"9ff18d7\" data-element_type=\"container\" data-e-type=\"container\" data-settings=\"{&quot;background_background&quot;:&quot;classic&quot;,&quot;jet_parallax_layout_list&quot;:[]}\">\n\t\t\t\t<div class=\"elementor-element elementor-element-2a10d98 elementor-widget elementor-widget-image\" data-id=\"2a10d98\" data-element_type=\"widget\" data-e-type=\"widget\" data-widget_type=\"image.default\">\n\t\t\t\t<div class=\"elementor-widget-container\">\n\t\t\t\t\t\t\t\t\t\t\t\t\t\t\t<img loading=\"lazy\" decoding=\"async\" width=\"683\" height=\"1024\" src=\"https:\/\/www.hautarzt-markovic.de\/wp-content\/uploads\/2026\/04\/IhrHautarzt-291-ret-683x1024.jpg\" class=\"attachment-large size-large wp-image-25278\" alt=\"Svetlana Gerasimova\" srcset=\"https:\/\/www.hautarzt-markovic.de\/wp-content\/uploads\/2026\/04\/IhrHautarzt-291-ret-683x1024.jpg 683w, https:\/\/www.hautarzt-markovic.de\/wp-content\/uploads\/2026\/04\/IhrHautarzt-291-ret-200x300.jpg 200w, https:\/\/www.hautarzt-markovic.de\/wp-content\/uploads\/2026\/04\/IhrHautarzt-291-ret-768x1151.jpg 768w, https:\/\/www.hautarzt-markovic.de\/wp-content\/uploads\/2026\/04\/IhrHautarzt-291-ret-scaled.jpg 801w, https:\/\/www.hautarzt-markovic.de\/wp-content\/uploads\/2026\/04\/IhrHautarzt-291-ret-1366x2048.jpg 800w\" sizes=\"(max-width: 683px) 100vw, 683px\" \/>\t\t\t\t\t\t\t\t\t\t\t\t\t\t\t<\/div>\n\t\t\t\t<\/div>\n\t\t<div class=\"elementor-element elementor-element-d0eb16c e-con-full e-flex e-con e-child\" data-id=\"d0eb16c\" data-element_type=\"container\" data-e-type=\"container\" data-settings=\"{&quot;jet_parallax_layout_list&quot;:[]}\">\n\t\t\t\t<div class=\"elementor-element elementor-element-e6760e3 elementor-widget elementor-widget-heading\" data-id=\"e6760e3\" data-element_type=\"widget\" data-e-type=\"widget\" data-widget_type=\"heading.default\">\n\t\t\t\t<div class=\"elementor-widget-container\">\n\t\t\t\t\t<h4 class=\"elementor-heading-title elementor-size-default\">\nSvetlana Gerasimova<br><br> Voditelj usluga pacijentima<\/h4>\t\t\t\t<\/div>\n\t\t\t\t<\/div>\n\t\t\t\t<\/div>\n\t\t\t\t<\/div>\n\t\t\t\t<\/div>\n\t\t<div class=\"elementor-element elementor-element-f5aa205 e-con-full e-flex e-con e-child\" data-id=\"f5aa205\" data-element_type=\"container\" data-e-type=\"container\" data-settings=\"{&quot;background_background&quot;:&quot;classic&quot;,&quot;jet_parallax_layout_list&quot;:[]}\">\n\t\t<div class=\"elementor-element elementor-element-cf1470b e-con-full e-flex e-con e-child\" data-id=\"cf1470b\" data-element_type=\"container\" data-e-type=\"container\" data-settings=\"{&quot;background_background&quot;:&quot;classic&quot;,&quot;jet_parallax_layout_list&quot;:[]}\">\n\t\t\t\t<div class=\"elementor-element elementor-element-26be333 elementor-widget elementor-widget-image\" data-id=\"26be333\" data-element_type=\"widget\" data-e-type=\"widget\" data-widget_type=\"image.default\">\n\t\t\t\t<div class=\"elementor-widget-container\">\n\t\t\t\t\t\t\t\t\t\t\t\t\t\t\t<img loading=\"lazy\" decoding=\"async\" width=\"683\" height=\"1024\" src=\"https:\/\/www.hautarzt-markovic.de\/wp-content\/uploads\/2026\/04\/IhrHautarzt-209-ret-683x1024.jpg\" class=\"attachment-large size-large wp-image-25279\" alt=\"D. Vith\" srcset=\"https:\/\/www.hautarzt-markovic.de\/wp-content\/uploads\/2026\/04\/IhrHautarzt-209-ret-683x1024.jpg 683w, https:\/\/www.hautarzt-markovic.de\/wp-content\/uploads\/2026\/04\/IhrHautarzt-209-ret-200x300.jpg 200w, https:\/\/www.hautarzt-markovic.de\/wp-content\/uploads\/2026\/04\/IhrHautarzt-209-ret-768x1152.jpg 768w, https:\/\/www.hautarzt-markovic.de\/wp-content\/uploads\/2026\/04\/IhrHautarzt-209-ret-scaled.jpg 800w\" sizes=\"(max-width: 683px) 100vw, 683px\" \/>\t\t\t\t\t\t\t\t\t\t\t\t\t\t\t<\/div>\n\t\t\t\t<\/div>\n\t\t<div class=\"elementor-element elementor-element-3afdb2c e-con-full e-flex e-con e-child\" data-id=\"3afdb2c\" data-element_type=\"container\" data-e-type=\"container\" data-settings=\"{&quot;jet_parallax_layout_list&quot;:[]}\">\n\t\t\t\t<div class=\"elementor-element elementor-element-d43ff79 elementor-widget elementor-widget-heading\" data-id=\"d43ff79\" data-element_type=\"widget\" data-e-type=\"widget\" data-widget_type=\"heading.default\">\n\t\t\t\t<div class=\"elementor-widget-container\">\n\t\t\t\t\t<h4 class=\"elementor-heading-title elementor-size-default\">D. Vith<br><br> Voditelj usluga pacijentima<\/h4>\t\t\t\t<\/div>\n\t\t\t\t<\/div>\n\t\t\t\t<\/div>\n\t\t\t\t<\/div>\n\t\t\t\t<\/div>\n\t\t<div class=\"elementor-element elementor-element-d96b696 e-con-full e-flex e-con e-child\" data-id=\"d96b696\" data-element_type=\"container\" data-e-type=\"container\" data-settings=\"{&quot;background_background&quot;:&quot;classic&quot;,&quot;jet_parallax_layout_list&quot;:[]}\">\n\t\t<div class=\"elementor-element elementor-element-bf6b1d3 e-con-full e-flex e-con e-child\" data-id=\"bf6b1d3\" data-element_type=\"container\" data-e-type=\"container\" data-settings=\"{&quot;background_background&quot;:&quot;classic&quot;,&quot;jet_parallax_layout_list&quot;:[]}\">\n\t\t\t\t<div class=\"elementor-element elementor-element-580d567 elementor-widget elementor-widget-image\" data-id=\"580d567\" data-element_type=\"widget\" data-e-type=\"widget\" data-widget_type=\"image.default\">\n\t\t\t\t<div class=\"elementor-widget-container\">\n\t\t\t\t\t\t\t\t\t\t\t\t\t\t\t<img loading=\"lazy\" decoding=\"async\" width=\"683\" height=\"1024\" src=\"https:\/\/www.hautarzt-markovic.de\/wp-content\/uploads\/2026\/04\/Vladislav-Maier-683x1024.jpg\" class=\"attachment-large size-large wp-image-25275\" alt=\"Vladislav Maier\" srcset=\"https:\/\/www.hautarzt-markovic.de\/wp-content\/uploads\/2026\/04\/Vladislav-Maier-683x1024.jpg 683w, https:\/\/www.hautarzt-markovic.de\/wp-content\/uploads\/2026\/04\/Vladislav-Maier-200x300.jpg 200w, https:\/\/www.hautarzt-markovic.de\/wp-content\/uploads\/2026\/04\/Vladislav-Maier-768x1151.jpg 768w, https:\/\/www.hautarzt-markovic.de\/wp-content\/uploads\/2026\/04\/Vladislav-Maier-scaled.jpg 800w\" sizes=\"(max-width: 683px) 100vw, 683px\" \/>\t\t\t\t\t\t\t\t\t\t\t\t\t\t\t<\/div>\n\t\t\t\t<\/div>\n\t\t<div class=\"elementor-element elementor-element-afc9749 e-con-full e-flex e-con e-child\" data-id=\"afc9749\" data-element_type=\"container\" data-e-type=\"container\" data-settings=\"{&quot;jet_parallax_layout_list&quot;:[]}\">\n\t\t\t\t<div class=\"elementor-element elementor-element-0031a3e elementor-widget elementor-widget-heading\" data-id=\"0031a3e\" data-element_type=\"widget\" data-e-type=\"widget\" data-widget_type=\"heading.default\">\n\t\t\t\t<div class=\"elementor-widget-container\">\n\t\t\t\t\t<h4 class=\"elementor-heading-title elementor-size-default\">Vladislav Maier<br><br> Pomo\u0107nik za njegu pacijenata<\/h4>\t\t\t\t<\/div>\n\t\t\t\t<\/div>\n\t\t\t\t<\/div>\n\t\t\t\t<\/div>\n\t\t\t\t<\/div>\n\t\t\t\t\t<\/div>\n\t\t\t\t<\/div>\n\t\t\t\t<\/div>\n\t\t","protected":false},"excerpt":{"rendered":"<p>Na\u0161 tim Iza na\u0161e medicinske stru\u010dnosti stoji predani tim koji se brine za vas specijaliziranim znanjem, najsuvremenijom tehnologijom i istinskim suosje\u0107anjem. Bilo da se radi o preventivnoj njezi, klasi\u010dnoj dermatologiji ili estetici \u2013 radimo ruku pod ruku za va\u0161u dobrobit i zdravlje va\u0161e ko\u017ee. Upoznajte ljude koji \u0107e se osobno pobrinuti za va\u0161e potrebe. Veselimo [&hellip;]<\/p>\n","protected":false},"author":3,"featured_media":0,"parent":0,"menu_order":0,"comment_status":"closed","ping_status":"closed","template":"","meta":{"footnotes":""},"class_list":["post-16156","page","type-page","status-publish","hentry"],"_links":{"self":[{"href":"https:\/\/www.hautarzt-markovic.de\/hr\/wp-json\/wp\/v2\/pages\/16156","targetHints":{"allow":["GET"]}}],"collection":[{"href":"https:\/\/www.hautarzt-markovic.de\/hr\/wp-json\/wp\/v2\/pages"}],"about":[{"href":"https:\/\/www.hautarzt-markovic.de\/hr\/wp-json\/wp\/v2\/types\/page"}],"author":[{"embeddable":true,"href":"https:\/\/www.hautarzt-markovic.de\/hr\/wp-json\/wp\/v2\/users\/3"}],"replies":[{"embeddable":true,"href":"https:\/\/www.hautarzt-markovic.de\/hr\/wp-json\/wp\/v2\/comments?post=16156"}],"version-history":[{"count":21,"href":"https:\/\/www.hautarzt-markovic.de\/hr\/wp-json\/wp\/v2\/pages\/16156\/revisions"}],"predecessor-version":[{"id":25282,"href":"https:\/\/www.hautarzt-markovic.de\/hr\/wp-json\/wp\/v2\/pages\/16156\/revisions\/25282"}],"wp:attachment":[{"href":"https:\/\/www.hautarzt-markovic.de\/hr\/wp-json\/wp\/v2\/media?parent=16156"}],"curies":[{"name":"wp","href":"https:\/\/api.w.org\/{rel}","templated":true}]}}