{"id":20640,"date":"2024-12-13T10:11:51","date_gmt":"2024-12-13T09:11:51","guid":{"rendered":"https:\/\/www.hautarzt-markovic.de\/hautarzt-hautaerztin-m-w-d\/"},"modified":"2026-04-13T14:19:35","modified_gmt":"2026-04-13T12:19:35","slug":"hautarzt-hautaerztin-m-w-d","status":"publish","type":"page","link":"https:\/\/www.hautarzt-markovic.de\/hr\/karriere\/hautarzt-hautaerztin-m-w-d\/","title":{"rendered":"Dermatolog (m\/\u017e\/d)"},"content":{"rendered":"\t\t<div data-elementor-type=\"wp-page\" data-elementor-id=\"20640\" class=\"elementor elementor-20640 elementor-20439\" data-elementor-post-type=\"page\">\n\t\t\t\t<div class=\"elementor-element elementor-element-a76ea3f e-flex e-con-boxed e-con e-parent\" data-id=\"a76ea3f\" data-element_type=\"container\" data-e-type=\"container\" data-settings=\"{&quot;jet_parallax_layout_list&quot;:[]}\">\n\t\t\t\t\t<div class=\"e-con-inner\">\n\t\t<div class=\"elementor-element elementor-element-281c1a5 e-con-full e-flex e-con e-child\" data-id=\"281c1a5\" data-element_type=\"container\" data-e-type=\"container\" data-settings=\"{&quot;jet_parallax_layout_list&quot;:[]}\">\n\t\t\t\t<div class=\"elementor-element elementor-element-0bfc567 elementor-widget elementor-widget-heading\" data-id=\"0bfc567\" data-element_type=\"widget\" data-e-type=\"widget\" data-widget_type=\"heading.default\">\n\t\t\t\t<div class=\"elementor-widget-container\">\n\t\t\t\t\t<h1 class=\"elementor-heading-title elementor-size-default\">Dermatolog (m\/\u017e\/d)<\/h1>\t\t\t\t<\/div>\n\t\t\t\t<\/div>\n\t\t\t\t<div class=\"elementor-element elementor-element-eb942e8 elementor-widget elementor-widget-text-editor\" data-id=\"eb942e8\" data-element_type=\"widget\" data-e-type=\"widget\" data-widget_type=\"text-editor.default\">\n\t\t\t\t<div class=\"elementor-widget-container\">\n\t\t\t\t\t\t\t\t\tMi smo moderna, privatna dermatolo\u0161ka ordinacija u srcu Frankfurt-Sachsenhausena, specijalizirana za konzervativnu i kirur\u0161ku dermatologiju, kao i lasersku medicinu i estetiku, te tra\u017eimo <strong>specijalista dermatologije da se pridru\u017ei na\u0161em timu <span style=\"text-decoration: underline;\">\u0161to je prije mogu\u0107e<\/span> na nepuno radno vrijeme (32 sata tjedno) ili 20 sati tjedno (\u010detvrtkom i petkom ili ponedjeljkom i utorkom).<span style=\"text-decoration: underline;\">\n<\/span><\/strong><br><br>\nSvi procesi, od registracije do zakazivanja termina, vode se digitalno. Ovo olak\u0161ava radnje i procedure prakse za svo osoblje. Nije potrebno poznavanje GO\u00c4 kodova za naplatu.  \n\nPostoji vrlo dobra povezanost s lokalnim javnim prijevozom S-Bahnom (S\u00fcdbahnhof) i podzemnom \u017eeljeznicom, kao i tramvajima (Schweizer Platz).<br><br><h3>Tra\u017eimo dermatologa za sljede\u0107e usluge:<\/h3>\n<ul>\n \t<li>Konzervativna dermatologija uklju\u010duju\u0107i tretmane biolo\u0161kim lijekovima <\/li>\n \t<li>Laserska medicina (Nd:YAG, Erbium, IPL flash svjetlo za pigmentne mrlje i rosaceu)<\/li>\n \t<li>Kirur\u0161ka dermatologija s manjim pomakom rotacijskih re\u017enjeva<\/li>\n \t<li>Alergologija<\/li>\n \t<li>Estetska medicina, posebno BTX i laserska lipoliza (mogu\u0107a obuka) <\/li>\n<\/ul><br><h3>\u0160to nosite sa sobom:<\/h3>\n<ul>\n \t<li><strong>Zavr\u0161io specijalisti\u010dku obuku za dermatologa.<\/strong><\/li>\n \t<li><strong>Savr\u0161en njema\u010dki i engleski<\/strong> . Po\u017eeljno je poznavanje dodatnih stranih jezika kao \u0161to su italijanski, ruski, japanski, srpskohrvatski. <\/li>\n \t<li>Po\u017eeljno, ali ne i obavezno: Poznavanje rukovanja i kori\u0161tenja softvera Tomedo practice i Doctolib kalendara termina.<\/li>\n \t<li>Neovisan na\u010din rada, fleksibilnost i organizacijske sposobnosti zaokru\u017euju Va\u0161 profil.<\/li>\n<\/ul><br><h3>Radno vrijeme<\/h3>\n<ul>\n \t<li>Od ponedjeljka do petka. Mogu\u0107nost i subotom od 9 do 15 sati ili po dogovoru 4 dana u tjednu ili 2 dana u tjednu (20 sati, \u010detvrtak i petak ili ponedjeljak i utorak) <\/li>\n<\/ul><br><strong>Upiti i prijave \u0161aljite na <a href=\"mailto:aleksander.markovicmd@gmail.com\">aleksander.markovicmd@gmail.com<\/a><\/strong>\t\t\t\t\t\t\t\t<\/div>\n\t\t\t\t<\/div>\n\t\t\t\t<\/div>\n\t\t\t\t\t<\/div>\n\t\t\t\t<\/div>\n\t\t\t\t<\/div>\n\t\t","protected":false},"excerpt":{"rendered":"<p>Dermatolog (m\/\u017e\/d) Mi smo moderna, privatna dermatolo\u0161ka ordinacija u srcu Frankfurt-Sachsenhausena, specijalizirana za konzervativnu i kirur\u0161ku dermatologiju, kao i lasersku medicinu i estetiku, te tra\u017eimo specijalista dermatologije da se pridru\u017ei na\u0161em timu \u0161to je prije mogu\u0107e na nepuno radno vrijeme (32 sata tjedno) ili 20 sati tjedno (\u010detvrtkom i petkom ili ponedjeljkom i utorkom). Svi [&hellip;]<\/p>\n","protected":false},"author":3,"featured_media":0,"parent":20649,"menu_order":0,"comment_status":"closed","ping_status":"closed","template":"","meta":{"footnotes":""},"class_list":["post-20640","page","type-page","status-publish","hentry"],"_links":{"self":[{"href":"https:\/\/www.hautarzt-markovic.de\/hr\/wp-json\/wp\/v2\/pages\/20640","targetHints":{"allow":["GET"]}}],"collection":[{"href":"https:\/\/www.hautarzt-markovic.de\/hr\/wp-json\/wp\/v2\/pages"}],"about":[{"href":"https:\/\/www.hautarzt-markovic.de\/hr\/wp-json\/wp\/v2\/types\/page"}],"author":[{"embeddable":true,"href":"https:\/\/www.hautarzt-markovic.de\/hr\/wp-json\/wp\/v2\/users\/3"}],"replies":[{"embeddable":true,"href":"https:\/\/www.hautarzt-markovic.de\/hr\/wp-json\/wp\/v2\/comments?post=20640"}],"version-history":[{"count":6,"href":"https:\/\/www.hautarzt-markovic.de\/hr\/wp-json\/wp\/v2\/pages\/20640\/revisions"}],"predecessor-version":[{"id":24530,"href":"https:\/\/www.hautarzt-markovic.de\/hr\/wp-json\/wp\/v2\/pages\/20640\/revisions\/24530"}],"up":[{"embeddable":true,"href":"https:\/\/www.hautarzt-markovic.de\/hr\/wp-json\/wp\/v2\/pages\/20649"}],"wp:attachment":[{"href":"https:\/\/www.hautarzt-markovic.de\/hr\/wp-json\/wp\/v2\/media?parent=20640"}],"curies":[{"name":"wp","href":"https:\/\/api.w.org\/{rel}","templated":true}]}}