{"id":20649,"date":"2024-05-20T19:42:03","date_gmt":"2024-05-20T17:42:03","guid":{"rendered":"https:\/\/www.hautarzt-markovic.de\/karriere\/"},"modified":"2026-04-15T10:52:09","modified_gmt":"2026-04-15T08:52:09","slug":"karriere","status":"publish","type":"page","link":"https:\/\/www.hautarzt-markovic.de\/hr\/karriere\/","title":{"rendered":"karijera"},"content":{"rendered":"\t\t<div data-elementor-type=\"wp-page\" data-elementor-id=\"20649\" class=\"elementor elementor-20649 elementor-17701\" data-elementor-post-type=\"page\">\n\t\t\t\t<div class=\"elementor-element elementor-element-e5829ec e-grid e-con-boxed e-con e-parent\" data-id=\"e5829ec\" data-element_type=\"container\" data-e-type=\"container\" data-settings=\"{&quot;jet_parallax_layout_list&quot;:[]}\">\n\t\t\t\t\t<div class=\"e-con-inner\">\n\t\t<div class=\"elementor-element elementor-element-fefdcc3 e-con-full e-flex e-con e-child\" data-id=\"fefdcc3\" data-element_type=\"container\" data-e-type=\"container\" data-settings=\"{&quot;background_background&quot;:&quot;classic&quot;,&quot;jet_parallax_layout_list&quot;:[]}\">\n\t\t\t\t<div class=\"elementor-element elementor-element-4517d7a elementor-widget elementor-widget-heading\" data-id=\"4517d7a\" data-element_type=\"widget\" data-e-type=\"widget\" data-widget_type=\"heading.default\">\n\t\t\t\t<div class=\"elementor-widget-container\">\n\t\t\t\t\t<h1 class=\"elementor-heading-title elementor-size-default\">Otvorene ponude za posao<\/h1>\t\t\t\t<\/div>\n\t\t\t\t<\/div>\n\t\t\t\t<div class=\"elementor-element elementor-element-a5cf0f4 elementor-widget elementor-widget-text-editor\" data-id=\"a5cf0f4\" data-element_type=\"widget\" data-e-type=\"widget\" data-widget_type=\"text-editor.default\">\n\t\t\t\t<div class=\"elementor-widget-container\">\n\t\t\t\t\t\t\t\t\t<p>Ako imate strast prema dermatologiji i u\u017eivate u radu u dinami\u010dnom, kolegijalnom timu, onda ste do\u0161li na pravo mjesto.<br><br> Otkrijte na\u0161e otvorene pozicije i prijavite se \u2013 veselimo se \u0161to \u0107emo vas upoznati!<\/p>\t\t\t\t\t\t\t\t<\/div>\n\t\t\t\t<\/div>\n\t\t\t\t<\/div>\n\t\t<div class=\"elementor-element elementor-element-ca1b6ae e-con-full e-flex e-con e-child\" data-id=\"ca1b6ae\" data-element_type=\"container\" data-e-type=\"container\" data-settings=\"{&quot;jet_parallax_layout_list&quot;:[],&quot;background_background&quot;:&quot;classic&quot;}\">\n\t\t\t\t<\/div>\n\t\t\t\t\t<\/div>\n\t\t\t\t<\/div>\n\t\t<div class=\"elementor-element elementor-element-a76ea3f e-flex e-con-boxed e-con e-parent\" data-id=\"a76ea3f\" data-element_type=\"container\" data-e-type=\"container\" data-settings=\"{&quot;jet_parallax_layout_list&quot;:[]}\">\n\t\t\t\t\t<div class=\"e-con-inner\">\n\t\t\t\t<div class=\"elementor-element elementor-element-066ca35 elementor-widget elementor-widget-jet-accordion\" data-id=\"066ca35\" data-element_type=\"widget\" data-e-type=\"widget\" data-widget_type=\"jet-accordion.default\">\n\t\t\t\t<div class=\"elementor-widget-container\">\n\t\t\t\t\t\t\t\t\t<div class=\"jet-accordion\" data-settings=\"{&quot;collapsible&quot;:false,&quot;ajaxTemplate&quot;:false,&quot;switchScrolling&quot;:false,&quot;switchScrollingTablet&quot;:false,&quot;switchScrollingMobile&quot;:false,&quot;switchScrollingOffset&quot;:{&quot;size&quot;:0,&quot;unit&quot;:&quot;px&quot;},&quot;switchScrollingOffsetTablet&quot;:{&quot;size&quot;:0,&quot;unit&quot;:&quot;px&quot;},&quot;switchScrollingOffsetMobile&quot;:{&quot;size&quot;:0,&quot;unit&quot;:&quot;px&quot;},&quot;switchScrollingDelay&quot;:500,&quot;switchScrollingDelayTablet&quot;:500,&quot;switchScrollingDelayMobile&quot;:500}\">\n\t\t\t<div class=\"jet-accordion__inner\">\n\t\t\t\t<div class=\" jet-accordion__item jet-toggle jet-toggle-none-effect \">\n\t\t\t\t\t\t\t<div id=\"jet-toggle-control-6731\" class=\"jet-toggle__control elementor-menu-anchor\" data-toggle=\"1\" role=\"button\" tabindex=\"0\" aria-controls=\"jet-toggle-content-6731\" aria-expanded=\"false\" data-template-id=\"false\">\n\t\t\t\t\t\t\t\t<div class=\"jet-toggle__label-icon jet-toggle-icon-position-right\"><span class=\"jet-toggle__icon icon-normal jet-tabs-icon\"><svg class=\"e-font-icon-svg e-fas-plus\" viewBox=\"0 0 448 512\" xmlns=\"http:\/\/www.w3.org\/2000\/svg\"><path d=\"M416 208H272V64c0-17.67-14.33-32-32-32h-32c-17.67 0-32 14.33-32 32v144H32c-17.67 0-32 14.33-32 32v32c0 17.67 14.33 32 32 32h144v144c0 17.67 14.33 32 32 32h32c17.67 0 32-14.33 32-32V304h144c17.67 0 32-14.33 32-32v-32c0-17.67-14.33-32-32-32z\"><\/path><\/svg><\/span><span class=\"jet-toggle__icon icon-active jet-tabs-icon\"><svg class=\"e-font-icon-svg e-fas-minus\" viewBox=\"0 0 448 512\" xmlns=\"http:\/\/www.w3.org\/2000\/svg\"><path d=\"M416 208H32c-17.67 0-32 14.33-32 32v32c0 17.67 14.33 32 32 32h384c17.67 0 32-14.33 32-32v-32c0-17.67-14.33-32-32-32z\"><\/path><\/svg><\/span><\/div><h3 class=\"jet-toggle__label-text\">Medicinski asistent (MFA) ili stomatolo\u0161ki asistent (ZFA) (m\/\u017e\/d)<\/h3>\t\t\t\t\t\t\t<\/div>\n\t\t\t\t\t\t\t<div id=\"jet-toggle-content-6731\" class=\"jet-toggle__content\" data-toggle=\"1\" role=\"region\" data-template-id=\"false\">\n\t\t\t\t\t\t\t\t<div class=\"jet-toggle__content-inner\"><p>Mi smo moderna, privatna dermatolo\u0161ka ordinacija u srcu Frankfurt-Sachsenhausena, specijalizirana za konzervativnu i kirur\u0161ku dermatologiju, kao i lasersku medicinu i estetiku.<\/p>\n<p><strong><span style=\"text-decoration: underline;\">Tra\u017eimo medicinskog asistenta\/zubarskog asistenta ili osobu koja \u017eeli promijeniti karijeru s prethodnim iskustvom kao medicinski asistent\/zubarski asistent \u0161to je prije mogu\u0107e.<\/span><\/strong><\/p>\n<p>Svi procesi, od registracije do zakazivanja termina, digitalno se upravljaju. To pojednostavljuje poslovanje i tijek rada ordinacije za sve \u010dlanove osoblja. Nema papirologije. Elegantno renovirane prostorije za ordinaciju nadopunjuju lokaciju i doprinose ugodnoj i gostoljubivoj atmosferi. Prijateljsko radno okru\u017eenje s uspostavljenom bazom pacijenata osigurava ugodnu radnu atmosferu.    <\/p>\n<p>Koristimo Tomedo softver za upravljanje ordinacijama i Doctolib online kalendar termina. Vrlo je intuitivan za kori\u0161tenje. Potrebna je samo kratka obuka!  <\/p>\n<p>Postoji vrlo dobra povezanost s lokalnim javnim prijevozom S-Bahnom (S\u00fcdbahnhof) i podzemnom \u017eeljeznicom, kao i tramvajima (Schweizer Platz).<\/p>\n<h3>Donosite sljede\u0107e:<\/h3>\n<ul>\n<li>Zavr\u0161ena obuka za medicinskog asistenta\/stomatolo\u0161kog asistenta\/stomatolo\u0161ke sestre ili prethodno iskustvo u promjeni karijere u medicinskoj praksi<\/li>\n<li>Iskustvo u podru\u010dju medicinskog recepcionara ili asistenta<\/li>\n<li>Pomaganje lije\u010dnicima pri pregledu, njezi i operacijama pacijenata<\/li>\n<li>Iskustvo u prijemu i upravljanju ordinacijom<\/li>\n<\/ul>\n<h3>Evo \u0161to vam nudimo:<\/h3>\n<ul>\n<li>Iznadprosje\u010dna pla\u0107a!<\/li>\n<li>Reguliran i strukturiran proces u na\u0161oj praksi.<\/li>\n<li>Timski doga\u0111aji i popusti za zaposlenike<\/li>\n<li>Besplatna pi\u0107a<\/li>\n<\/ul>\n<h3>Radno vrijeme:<\/h3>\n<ul>\n<li>Prema dogovoru<\/li>\n<\/ul>\n<p><strong>Upiti i prijave \u0161aljite na <a href=\"mailto:aleksander.markovicmd@gmail.com\">aleksander.markovicmd@gmail.com<\/a><\/strong><\/p>\n<\/div>\n\t\t\t\t\t\t\t<\/div>\n\t\t\t\t\t\t<\/div><div class=\" jet-accordion__item jet-toggle jet-toggle-none-effect \">\n\t\t\t\t\t\t\t<div id=\"jet-toggle-control-6732\" class=\"jet-toggle__control elementor-menu-anchor\" data-toggle=\"2\" role=\"button\" tabindex=\"0\" aria-controls=\"jet-toggle-content-6732\" aria-expanded=\"false\" data-template-id=\"false\">\n\t\t\t\t\t\t\t\t<div class=\"jet-toggle__label-icon jet-toggle-icon-position-right\"><span class=\"jet-toggle__icon icon-normal jet-tabs-icon\"><svg class=\"e-font-icon-svg e-fas-plus\" viewBox=\"0 0 448 512\" xmlns=\"http:\/\/www.w3.org\/2000\/svg\"><path d=\"M416 208H272V64c0-17.67-14.33-32-32-32h-32c-17.67 0-32 14.33-32 32v144H32c-17.67 0-32 14.33-32 32v32c0 17.67 14.33 32 32 32h144v144c0 17.67 14.33 32 32 32h32c17.67 0 32-14.33 32-32V304h144c17.67 0 32-14.33 32-32v-32c0-17.67-14.33-32-32-32z\"><\/path><\/svg><\/span><span class=\"jet-toggle__icon icon-active jet-tabs-icon\"><svg class=\"e-font-icon-svg e-fas-minus\" viewBox=\"0 0 448 512\" xmlns=\"http:\/\/www.w3.org\/2000\/svg\"><path d=\"M416 208H32c-17.67 0-32 14.33-32 32v32c0 17.67 14.33 32 32 32h384c17.67 0 32-14.33 32-32v-32c0-17.67-14.33-32-32-32z\"><\/path><\/svg><\/span><\/div><h3 class=\"jet-toggle__label-text\">Dermatolog (m\/\u017e\/d)<\/h3>\t\t\t\t\t\t\t<\/div>\n\t\t\t\t\t\t\t<div id=\"jet-toggle-content-6732\" class=\"jet-toggle__content\" data-toggle=\"2\" role=\"region\" data-template-id=\"false\">\n\t\t\t\t\t\t\t\t<div class=\"jet-toggle__content-inner\"><p>Mi smo moderna, privatna dermatolo\u0161ka ordinacija u srcu Frankfurt-Sachsenhausena s fokusom na konzervativnu, kirur\u0161ku dermatologiju, kao i lasersku medicinu i estetiku i tra\u017eimo <strong>specijalista dermatologije <span style=\"text-decoration: underline;\">\u0161to je prije mogu\u0107e<\/span> na pola radnog vremena (32 sata). \/tjedan) ili 20 sati\/tjedan (\u010detvrtak i petak ili ponedjeljak i utorak).<span style=\"text-decoration: underline;\"><br \/><\/span><\/strong><\/p>\n<p>Svi procesi, od registracije do zakazivanja termina, vode se digitalno. Ovo olak\u0161ava radnje i procedure prakse za svo osoblje. Nije potrebno poznavanje GO\u00c4 kodova za naplatu.  <\/p>\n<p>Postoji vrlo dobra povezanost s lokalnim javnim prijevozom S-Bahnom (S\u00fcdbahnhof) i podzemnom \u017eeljeznicom, kao i tramvajima (Schweizer Platz).<\/p>\n<h3>Tra\u017eimo dermatologa za sljede\u0107e usluge:<\/h3>\n<ul>\n<li>Konzervativna dermatologija uklju\u010duju\u0107i tretmane biolo\u0161kim lijekovima <\/li>\n<li>Laserska medicina (Nd:YAG, Erbium, IPL flash svjetlo za pigmentne mrlje i rosaceu)<\/li>\n<li>Kirur\u0161ka dermatologija s manjim pomakom rotacijskih re\u017enjeva<\/li>\n<li>Alergologija<\/li>\n<li>Estetska medicina, posebno BTX i laserska lipoliza (mogu\u0107a obuka) <\/li>\n<\/ul>\n<h3>\u0160to nosite sa sobom:<\/h3>\n<ul>\n<li><strong>Zavr\u0161io specijalisti\u010dku obuku za dermatologa.<\/strong><\/li>\n<li><strong>Savr\u0161en njema\u010dki i engleski<\/strong> . Po\u017eeljno je poznavanje dodatnih stranih jezika kao \u0161to su italijanski, ruski, japanski, srpskohrvatski. <\/li>\n<li>Po\u017eeljno, ali ne i obavezno: Poznavanje rukovanja i kori\u0161tenja softvera Tomedo practice i Doctolib kalendara termina.<\/li>\n<li>Neovisan na\u010din rada, fleksibilnost i organizacijske sposobnosti zaokru\u017euju Va\u0161 profil.<\/li>\n<\/ul>\n<h3>Radno vrijeme<\/h3>\n<ul>\n<li>Od ponedjeljka do petka. Mogu\u0107nost i subotom od 9 do 15 sati ili po dogovoru 4 dana u tjednu ili 2 dana u tjednu (20 sati, \u010detvrtak i petak ili ponedjeljak i utorak) <\/li>\n<\/ul>\n<p><strong>Upiti i prijave \u0161aljite na <a href=\"mailto:aleksander.markovicmd@gmail.com\">aleksander.markovicmd@gmail.com<\/a><\/strong><\/p>\n<\/div>\n\t\t\t\t\t\t\t<\/div>\n\t\t\t\t\t\t<\/div>\t\t\t<\/div>\n\t\t<\/div>\n\t\t\t\t\t\t<\/div>\n\t\t\t\t<\/div>\n\t\t\t\t\t<\/div>\n\t\t\t\t<\/div>\n\t\t\t\t<\/div>\n\t\t","protected":false},"excerpt":{"rendered":"<p>Otvorene ponude za posao Ako imate strast prema dermatologiji i u\u017eivate u radu u dinami\u010dnom, kolegijalnom timu, onda ste do\u0161li na pravo mjesto. Otkrijte na\u0161e otvorene pozicije i prijavite se \u2013 veselimo se \u0161to \u0107emo vas upoznati! Medicinski asistent (MFA) ili stomatolo\u0161ki asistent (ZFA) (m\/\u017e\/d) Mi smo moderna, privatna dermatolo\u0161ka ordinacija u srcu Frankfurt-Sachsenhausena, specijalizirana [&hellip;]<\/p>\n","protected":false},"author":3,"featured_media":0,"parent":0,"menu_order":0,"comment_status":"closed","ping_status":"closed","template":"","meta":{"footnotes":""},"class_list":["post-20649","page","type-page","status-publish","hentry"],"_links":{"self":[{"href":"https:\/\/www.hautarzt-markovic.de\/hr\/wp-json\/wp\/v2\/pages\/20649","targetHints":{"allow":["GET"]}}],"collection":[{"href":"https:\/\/www.hautarzt-markovic.de\/hr\/wp-json\/wp\/v2\/pages"}],"about":[{"href":"https:\/\/www.hautarzt-markovic.de\/hr\/wp-json\/wp\/v2\/types\/page"}],"author":[{"embeddable":true,"href":"https:\/\/www.hautarzt-markovic.de\/hr\/wp-json\/wp\/v2\/users\/3"}],"replies":[{"embeddable":true,"href":"https:\/\/www.hautarzt-markovic.de\/hr\/wp-json\/wp\/v2\/comments?post=20649"}],"version-history":[{"count":4,"href":"https:\/\/www.hautarzt-markovic.de\/hr\/wp-json\/wp\/v2\/pages\/20649\/revisions"}],"predecessor-version":[{"id":25195,"href":"https:\/\/www.hautarzt-markovic.de\/hr\/wp-json\/wp\/v2\/pages\/20649\/revisions\/25195"}],"wp:attachment":[{"href":"https:\/\/www.hautarzt-markovic.de\/hr\/wp-json\/wp\/v2\/media?parent=20649"}],"curies":[{"name":"wp","href":"https:\/\/api.w.org\/{rel}","templated":true}]}}