{"id":23574,"date":"2025-10-09T05:35:36","date_gmt":"2025-10-09T03:35:36","guid":{"rendered":"https:\/\/www.hautarzt-markovic.de\/karriere\/medizinischer-fachangestellter-mfa-m-w-d\/"},"modified":"2026-04-15T10:52:24","modified_gmt":"2026-04-15T08:52:24","slug":"medizinischer-fachangestellter-mfa-m-w-d","status":"publish","type":"page","link":"https:\/\/www.hautarzt-markovic.de\/hr\/karriere\/medizinischer-fachangestellter-mfa-m-w-d\/","title":{"rendered":"Medicinski asistent (MFA) (m\/\u017e\/d)"},"content":{"rendered":"\t\t<div data-elementor-type=\"wp-page\" data-elementor-id=\"23574\" class=\"elementor elementor-23574 elementor-23285\" data-elementor-post-type=\"page\">\n\t\t\t\t<div class=\"elementor-element elementor-element-a76ea3f e-flex e-con-boxed e-con e-parent\" data-id=\"a76ea3f\" data-element_type=\"container\" data-e-type=\"container\" data-settings=\"{&quot;jet_parallax_layout_list&quot;:[]}\">\n\t\t\t\t\t<div class=\"e-con-inner\">\n\t\t<div class=\"elementor-element elementor-element-281c1a5 e-con-full e-flex e-con e-child\" data-id=\"281c1a5\" data-element_type=\"container\" data-e-type=\"container\" data-settings=\"{&quot;jet_parallax_layout_list&quot;:[]}\">\n\t\t\t\t<div class=\"elementor-element elementor-element-0bfc567 elementor-widget elementor-widget-heading\" data-id=\"0bfc567\" data-element_type=\"widget\" data-e-type=\"widget\" data-widget_type=\"heading.default\">\n\t\t\t\t<div class=\"elementor-widget-container\">\n\t\t\t\t\t<h1 class=\"elementor-heading-title elementor-size-default\">Medicinski asistent (MFA) ili stomatolo\u0161ki asistent (ZFA) (m\/\u017e\/d)<\/h1>\t\t\t\t<\/div>\n\t\t\t\t<\/div>\n\t\t\t\t<div class=\"elementor-element elementor-element-eb942e8 elementor-widget elementor-widget-text-editor\" data-id=\"eb942e8\" data-element_type=\"widget\" data-e-type=\"widget\" data-widget_type=\"text-editor.default\">\n\t\t\t\t<div class=\"elementor-widget-container\">\n\t\t\t\t\t\t\t\t\t<p>Mi smo moderna, privatna dermatolo\u0161ka ordinacija u srcu Frankfurt-Sachsenhausena, specijalizirana za konzervativnu i kirur\u0161ku dermatologiju, kao i lasersku medicinu i estetiku.<\/p><p><strong><span style=\"text-decoration: underline;\">Tra\u017eimo medicinskog asistenta\/zubarskog asistenta ili osobu koja \u017eeli promijeniti karijeru s prethodnim iskustvom kao medicinski asistent\/zubarski asistent \u0161to je prije mogu\u0107e.<\/span><\/strong><\/p><p>Svi procesi, od registracije do zakazivanja termina, digitalno se upravljaju. To pojednostavljuje poslovanje i tijek rada ordinacije za sve \u010dlanove osoblja. Nema papirologije. Elegantno renovirane prostorije za ordinaciju nadopunjuju lokaciju i doprinose ugodnoj i gostoljubivoj atmosferi. Prijateljsko radno okru\u017eenje s uspostavljenom bazom pacijenata osigurava ugodnu radnu atmosferu.    <\/p><p>Koristimo Tomedo softver za upravljanje ordinacijama i Doctolib online kalendar termina. Vrlo je intuitivan za kori\u0161tenje. Potrebna je samo kratka obuka!  <\/p><p>Postoji vrlo dobra povezanost s lokalnim javnim prijevozom S-Bahnom (S\u00fcdbahnhof) i podzemnom \u017eeljeznicom, kao i tramvajima (Schweizer Platz).<\/p><h3>Donosite sljede\u0107e:<\/h3><ul><li>Zavr\u0161ena obuka za medicinskog asistenta\/stomatolo\u0161kog asistenta ili prethodno iskustvo u promjeni karijere u lije\u010dni\u010dkoj ordinaciji<\/li><li>Iskustvo u podru\u010dju medicinskog recepcionara ili asistenta<\/li><li>Pomaganje lije\u010dnicima pri pregledu, njezi i operacijama pacijenata<\/li><li>Iskustvo u prijemu i upravljanju ordinacijom<\/li><\/ul><h3>Evo \u0161to vam nudimo:<\/h3><ul><li>Iznadprosje\u010dna pla\u0107a!<\/li><li>Reguliran i strukturiran proces u na\u0161oj praksi.<\/li><li>Timski doga\u0111aji i popusti za zaposlenike<\/li><li>Besplatna pi\u0107a<\/li><\/ul><h3>Radno vrijeme:<\/h3><ul><li>Prema dogovoru<\/li><\/ul><p> <\/p><p>Upiti i prijave \u0161aljite na <span style=\"text-decoration: underline;\">aleksander.markovicmd@gmail.com<\/span><\/p>\t\t\t\t\t\t\t\t<\/div>\n\t\t\t\t<\/div>\n\t\t\t\t<\/div>\n\t\t\t\t\t<\/div>\n\t\t\t\t<\/div>\n\t\t<div class=\"elementor-element elementor-element-2fa45ca e-flex e-con-boxed e-con e-parent\" data-id=\"2fa45ca\" data-element_type=\"container\" data-e-type=\"container\" data-settings=\"{&quot;jet_parallax_layout_list&quot;:[]}\">\n\t\t\t\t\t<div class=\"e-con-inner\">\n\t\t<section class=\"elementor-element elementor-element-2f125b3 e-flex e-con-boxed e-con e-child\" data-id=\"2f125b3\" data-element_type=\"container\" data-e-type=\"container\" data-settings=\"{&quot;background_background&quot;:&quot;classic&quot;,&quot;jet_parallax_layout_list&quot;:[]}\">\n\t\t\t\t\t<div class=\"e-con-inner\">\n\t\t<div class=\"elementor-element elementor-element-179ea22 e-con-full e-flex e-con e-child\" data-id=\"179ea22\" data-element_type=\"container\" data-e-type=\"container\" data-settings=\"{&quot;jet_parallax_layout_list&quot;:[]}\">\n\t\t\t\t<div class=\"elementor-element elementor-element-5b9ae6c elementor-widget elementor-widget-heading\" data-id=\"5b9ae6c\" data-element_type=\"widget\" data-e-type=\"widget\" data-widget_type=\"heading.default\">\n\t\t\t\t<div class=\"elementor-widget-container\">\n\t\t\t\t\t<p class=\"elementor-heading-title elementor-size-default\">Zanima vas?<\/p>\t\t\t\t<\/div>\n\t\t\t\t<\/div>\n\t\t\t\t<div class=\"elementor-element elementor-element-d7cb252 elementor-widget elementor-widget-text-editor\" data-id=\"d7cb252\" data-element_type=\"widget\" data-e-type=\"widget\" data-widget_type=\"text-editor.default\">\n\t\t\t\t<div class=\"elementor-widget-container\">\n\t\t\t\t\t\t\t\t\t<p>Upiti i prijave \u0161aljite na <span style=\"text-decoration: underline;\">aleksander.markovicmd@gmail.com<\/span><\/p>\t\t\t\t\t\t\t\t<\/div>\n\t\t\t\t<\/div>\n\t\t\t\t<div class=\"elementor-element elementor-element-f1e1277 elementor-align-center cta-btn elementor-invisible elementor-widget elementor-widget-button\" data-id=\"f1e1277\" data-element_type=\"widget\" data-e-type=\"widget\" data-settings=\"{&quot;_animation&quot;:&quot;fadeInUp&quot;}\" data-widget_type=\"button.default\">\n\t\t\t\t<div class=\"elementor-widget-container\">\n\t\t\t\t\t\t\t\t\t<div class=\"elementor-button-wrapper\">\n\t\t\t\t\t<a class=\"elementor-button elementor-button-link elementor-size-sm\" href=\"mailto:aleksander.markovicmd@gmail.com\" target=\"_blank\">\n\t\t\t\t\t\t<span class=\"elementor-button-content-wrapper\">\n\t\t\t\t\t\t\t\t\t<span class=\"elementor-button-text\">Prijavi se sada<\/span>\n\t\t\t\t\t<\/span>\n\t\t\t\t\t<\/a>\n\t\t\t\t<\/div>\n\t\t\t\t\t\t\t\t<\/div>\n\t\t\t\t<\/div>\n\t\t\t\t<\/div>\n\t\t\t\t\t<\/div>\n\t\t\t\t<\/section>\n\t\t\t\t\t<\/div>\n\t\t\t\t<\/div>\n\t\t\t\t<\/div>\n\t\t","protected":false},"excerpt":{"rendered":"<p>Medicinski asistent (MFA) ili stomatolo\u0161ki asistent (ZFA) (m\/\u017e\/d) Mi smo moderna, privatna dermatolo\u0161ka ordinacija u srcu Frankfurt-Sachsenhausena, specijalizirana za konzervativnu i kirur\u0161ku dermatologiju, kao i lasersku medicinu i estetiku. Tra\u017eimo medicinskog asistenta\/zubarskog asistenta ili osobu koja \u017eeli promijeniti karijeru s prethodnim iskustvom kao medicinski asistent\/zubarski asistent \u0161to je prije mogu\u0107e. Svi procesi, od registracije do [&hellip;]<\/p>\n","protected":false},"author":3,"featured_media":0,"parent":20649,"menu_order":0,"comment_status":"closed","ping_status":"closed","template":"","meta":{"footnotes":""},"class_list":["post-23574","page","type-page","status-publish","hentry"],"_links":{"self":[{"href":"https:\/\/www.hautarzt-markovic.de\/hr\/wp-json\/wp\/v2\/pages\/23574","targetHints":{"allow":["GET"]}}],"collection":[{"href":"https:\/\/www.hautarzt-markovic.de\/hr\/wp-json\/wp\/v2\/pages"}],"about":[{"href":"https:\/\/www.hautarzt-markovic.de\/hr\/wp-json\/wp\/v2\/types\/page"}],"author":[{"embeddable":true,"href":"https:\/\/www.hautarzt-markovic.de\/hr\/wp-json\/wp\/v2\/users\/3"}],"replies":[{"embeddable":true,"href":"https:\/\/www.hautarzt-markovic.de\/hr\/wp-json\/wp\/v2\/comments?post=23574"}],"version-history":[{"count":4,"href":"https:\/\/www.hautarzt-markovic.de\/hr\/wp-json\/wp\/v2\/pages\/23574\/revisions"}],"predecessor-version":[{"id":24539,"href":"https:\/\/www.hautarzt-markovic.de\/hr\/wp-json\/wp\/v2\/pages\/23574\/revisions\/24539"}],"up":[{"embeddable":true,"href":"https:\/\/www.hautarzt-markovic.de\/hr\/wp-json\/wp\/v2\/pages\/20649"}],"wp:attachment":[{"href":"https:\/\/www.hautarzt-markovic.de\/hr\/wp-json\/wp\/v2\/media?parent=23574"}],"curies":[{"name":"wp","href":"https:\/\/api.w.org\/{rel}","templated":true}]}}